{"id":493,"date":"2025-08-11T15:09:03","date_gmt":"2025-08-11T15:09:03","guid":{"rendered":"https:\/\/latinhg.com\/?post_type=product&#038;p=493"},"modified":"2025-09-26T04:55:50","modified_gmt":"2025-09-26T04:55:50","slug":"sistema-de-acceso-con-balon-de-diseccion-kii","status":"publish","type":"product","link":"https:\/\/latinhg.com\/es\/product\/sistema-de-acceso-con-balon-de-diseccion-kii\/","title":{"rendered":"Sistema de acceso con bal\u00f3n de disecci\u00f3n Kii"},"content":{"rendered":"<p>Cuentan con globos que no son de l\u00e1tex ni se fragmentan y est\u00e1n disponibles en forma redonda u ovalada para reparaciones de hernias unilaterales o bilaterales.\u00a0Los sistemas de acceso con bal\u00f3n de disecci\u00f3n Kii ofrecen una separaci\u00f3n fiable del tejido durante la cirug\u00eda TEP laparosc\u00f3pica.<\/p>\n<p><a href=\"https:\/\/latinhg.com\/wp-content\/uploads\/2025\/08\/kii_sistema_de_acceso_de_balon_de_diseccion_applied.pdf\">PDF &#8211; Sistema de acceso con bal\u00f3n de disecci\u00f3n Kii<\/a><\/p>\n","protected":false},"excerpt":{"rendered":"<p>Cuentan con globos que no son de l\u00e1tex ni se fragmentan y est\u00e1n disponibles en forma redonda u ovalada para reparaciones de hernias unilaterales o bilaterales.\u00a0Los sistemas de acceso con bal\u00f3n de disecci\u00f3n Kii ofrecen una separaci\u00f3n fiable del tejido durante la cirug\u00eda TEP laparosc\u00f3pica. PDF &#8211; Sistema de acceso con bal\u00f3n de disecci\u00f3n Kii<\/p>\n","protected":false},"featured_media":491,"template":"","meta":{"_acf_changed":false,"inline_featured_image":false},"pwb-brand":[],"product_brand":[58],"product_cat":[87,57],"product_tag":[],"class_list":{"0":"post-493","1":"product","2":"type-product","3":"status-publish","4":"has-post-thumbnail","6":"product_brand-applied-medical","7":"product_cat-applied-medical","8":"product_cat-cirugia","10":"first","11":"instock","12":"shipping-taxable","13":"product-type-simple"},"acf":[],"brands":[],"_links":{"self":[{"href":"https:\/\/latinhg.com\/es\/wp-json\/wp\/v2\/product\/493","targetHints":{"allow":["GET"]}}],"collection":[{"href":"https:\/\/latinhg.com\/es\/wp-json\/wp\/v2\/product"}],"about":[{"href":"https:\/\/latinhg.com\/es\/wp-json\/wp\/v2\/types\/product"}],"wp:featuredmedia":[{"embeddable":true,"href":"https:\/\/latinhg.com\/es\/wp-json\/wp\/v2\/media\/491"}],"wp:attachment":[{"href":"https:\/\/latinhg.com\/es\/wp-json\/wp\/v2\/media?parent=493"}],"wp:term":[{"taxonomy":"pwb-brand","embeddable":true,"href":"https:\/\/latinhg.com\/es\/wp-json\/wp\/v2\/pwb-brand?post=493"},{"taxonomy":"product_brand","embeddable":true,"href":"https:\/\/latinhg.com\/es\/wp-json\/wp\/v2\/product_brand?post=493"},{"taxonomy":"product_cat","embeddable":true,"href":"https:\/\/latinhg.com\/es\/wp-json\/wp\/v2\/product_cat?post=493"},{"taxonomy":"product_tag","embeddable":true,"href":"https:\/\/latinhg.com\/es\/wp-json\/wp\/v2\/product_tag?post=493"}],"curies":[{"name":"wp","href":"https:\/\/api.w.org\/{rel}","templated":true}]}}