{"id":488,"date":"2025-08-11T15:05:57","date_gmt":"2025-08-11T15:05:57","guid":{"rendered":"https:\/\/latinhg.com\/?post_type=product&#038;p=488"},"modified":"2025-09-26T04:55:50","modified_gmt":"2025-09-26T04:55:50","slug":"acceso-con-hoja-blindada-kii","status":"publish","type":"product","link":"https:\/\/latinhg.com\/es\/product\/acceso-con-hoja-blindada-kii\/","title":{"rendered":"Acceso con hoja blindada Kii"},"content":{"rendered":"<p>El sistema de acceso con hoja blindada Kii ofrece una entrada suave y una fuerza de inserci\u00f3n baja.<br \/>\nEl innovador dise\u00f1o del interruptor proporciona una indicaci\u00f3n clara de la posici\u00f3n del escudo, con clics audibles que indican cu\u00e1ndo est\u00e1 expuesta la cuchilla.<\/p>\n<p><a href=\"https:\/\/latinhg.com\/wp-content\/uploads\/2025\/08\/kii_trocares_applied.pdf\">PDF &#8211; Kii Trocares Applied<\/a><\/p>\n","protected":false},"excerpt":{"rendered":"<p>El sistema de acceso con hoja blindada Kii ofrece una entrada suave y una fuerza de inserci\u00f3n baja. El innovador dise\u00f1o del interruptor proporciona una indicaci\u00f3n clara de la posici\u00f3n del escudo, con clics audibles que indican cu\u00e1ndo est\u00e1 expuesta la cuchilla. PDF &#8211; Kii Trocares Applied<\/p>\n","protected":false},"featured_media":489,"template":"","meta":{"_acf_changed":false,"inline_featured_image":false},"pwb-brand":[],"product_brand":[58],"product_cat":[87,57],"product_tag":[],"class_list":{"0":"post-488","1":"product","2":"type-product","3":"status-publish","4":"has-post-thumbnail","6":"product_brand-applied-medical","7":"product_cat-applied-medical","8":"product_cat-cirugia","10":"first","11":"instock","12":"shipping-taxable","13":"product-type-simple"},"acf":[],"brands":[],"_links":{"self":[{"href":"https:\/\/latinhg.com\/es\/wp-json\/wp\/v2\/product\/488","targetHints":{"allow":["GET"]}}],"collection":[{"href":"https:\/\/latinhg.com\/es\/wp-json\/wp\/v2\/product"}],"about":[{"href":"https:\/\/latinhg.com\/es\/wp-json\/wp\/v2\/types\/product"}],"wp:featuredmedia":[{"embeddable":true,"href":"https:\/\/latinhg.com\/es\/wp-json\/wp\/v2\/media\/489"}],"wp:attachment":[{"href":"https:\/\/latinhg.com\/es\/wp-json\/wp\/v2\/media?parent=488"}],"wp:term":[{"taxonomy":"pwb-brand","embeddable":true,"href":"https:\/\/latinhg.com\/es\/wp-json\/wp\/v2\/pwb-brand?post=488"},{"taxonomy":"product_brand","embeddable":true,"href":"https:\/\/latinhg.com\/es\/wp-json\/wp\/v2\/product_brand?post=488"},{"taxonomy":"product_cat","embeddable":true,"href":"https:\/\/latinhg.com\/es\/wp-json\/wp\/v2\/product_cat?post=488"},{"taxonomy":"product_tag","embeddable":true,"href":"https:\/\/latinhg.com\/es\/wp-json\/wp\/v2\/product_tag?post=488"}],"curies":[{"name":"wp","href":"https:\/\/api.w.org\/{rel}","templated":true}]}}