{"id":486,"date":"2025-08-11T15:03:46","date_gmt":"2025-08-11T15:03:46","guid":{"rendered":"https:\/\/latinhg.com\/?post_type=product&#038;p=486"},"modified":"2025-09-26T04:55:50","modified_gmt":"2025-09-26T04:55:50","slug":"acceso-optico-kii","status":"publish","type":"product","link":"https:\/\/latinhg.com\/es\/product\/acceso-optico-kii\/","title":{"rendered":"Acceso \u00f3ptico Kii"},"content":{"rendered":"<p>El sistema de acceso \u00f3ptico Kii presenta una verdadera tecnolog\u00eda de separador sin aspas. Al separar las capas de tejido a lo largo de las l\u00edneas de fibra natural, el sistema de acceso \u00f3ptico Kii deja un defecto fascial m\u00e1s peque\u00f1o y permite que las capas de tejido se vuelvan a aproximar al retirar el trocar.<\/p>\n","protected":false},"excerpt":{"rendered":"<p>El sistema de acceso \u00f3ptico Kii presenta una verdadera tecnolog\u00eda de separador sin aspas. Al separar las capas de tejido a lo largo de las l\u00edneas de fibra natural, el sistema de acceso \u00f3ptico Kii deja un defecto fascial m\u00e1s peque\u00f1o y permite que las capas de tejido se vuelvan a aproximar al retirar el [&hellip;]<\/p>\n","protected":false},"featured_media":487,"template":"","meta":{"_acf_changed":false,"inline_featured_image":false},"pwb-brand":[],"product_brand":[58],"product_cat":[87,57],"product_tag":[],"class_list":{"0":"post-486","1":"product","2":"type-product","3":"status-publish","4":"has-post-thumbnail","6":"product_brand-applied-medical","7":"product_cat-applied-medical","8":"product_cat-cirugia","10":"first","11":"instock","12":"shipping-taxable","13":"product-type-simple"},"acf":[],"brands":[],"_links":{"self":[{"href":"https:\/\/latinhg.com\/es\/wp-json\/wp\/v2\/product\/486","targetHints":{"allow":["GET"]}}],"collection":[{"href":"https:\/\/latinhg.com\/es\/wp-json\/wp\/v2\/product"}],"about":[{"href":"https:\/\/latinhg.com\/es\/wp-json\/wp\/v2\/types\/product"}],"wp:featuredmedia":[{"embeddable":true,"href":"https:\/\/latinhg.com\/es\/wp-json\/wp\/v2\/media\/487"}],"wp:attachment":[{"href":"https:\/\/latinhg.com\/es\/wp-json\/wp\/v2\/media?parent=486"}],"wp:term":[{"taxonomy":"pwb-brand","embeddable":true,"href":"https:\/\/latinhg.com\/es\/wp-json\/wp\/v2\/pwb-brand?post=486"},{"taxonomy":"product_brand","embeddable":true,"href":"https:\/\/latinhg.com\/es\/wp-json\/wp\/v2\/product_brand?post=486"},{"taxonomy":"product_cat","embeddable":true,"href":"https:\/\/latinhg.com\/es\/wp-json\/wp\/v2\/product_cat?post=486"},{"taxonomy":"product_tag","embeddable":true,"href":"https:\/\/latinhg.com\/es\/wp-json\/wp\/v2\/product_tag?post=486"}],"curies":[{"name":"wp","href":"https:\/\/api.w.org\/{rel}","templated":true}]}}