{"id":484,"date":"2025-08-11T15:00:49","date_gmt":"2025-08-11T15:00:49","guid":{"rendered":"https:\/\/latinhg.com\/?post_type=product&#038;p=484"},"modified":"2025-09-26T04:55:51","modified_gmt":"2025-09-26T04:55:51","slug":"sistema-de-fijacion-kii-advances","status":"publish","type":"product","link":"https:\/\/latinhg.com\/es\/product\/sistema-de-fijacion-kii-advances\/","title":{"rendered":"Sistema de fijaci\u00f3n Kii Advances"},"content":{"rendered":"<p>Aborda los muchos problemas asociados con la migraci\u00f3n de trocares. El manguito Kii, con su bal\u00f3n que no se fragmenta y no contiene l\u00e1tex, proporciona una retenci\u00f3n superior de la pared abdominal en comparaci\u00f3n con otros manguitos y garantiza una penetraci\u00f3n m\u00ednima del trocar en el campo operatorio.<br \/>\nEl disco de retenci\u00f3n se desliza hacia abajo para mantener la posici\u00f3n del manguito en el abdomen, asegurando el trocar en su lugar y eliminando virtualmente el desplazamiento involuntario o la migraci\u00f3n hacia adelante.<\/p>\n<p><a href=\"https:\/\/latinhg.com\/wp-content\/uploads\/2025\/08\/kii_trocares_applied.pdf\">PDF &#8211; Kii Trocares Applied<\/a><\/p>\n","protected":false},"excerpt":{"rendered":"<p>Aborda los muchos problemas asociados con la migraci\u00f3n de trocares. El manguito Kii, con su bal\u00f3n que no se fragmenta y no contiene l\u00e1tex, proporciona una retenci\u00f3n superior de la pared abdominal en comparaci\u00f3n con otros manguitos y garantiza una penetraci\u00f3n m\u00ednima del trocar en el campo operatorio. El disco de retenci\u00f3n se desliza hacia [&hellip;]<\/p>\n","protected":false},"featured_media":485,"template":"","meta":{"_acf_changed":false,"inline_featured_image":false},"pwb-brand":[],"product_brand":[58],"product_cat":[87,57],"product_tag":[],"class_list":{"0":"post-484","1":"product","2":"type-product","3":"status-publish","4":"has-post-thumbnail","6":"product_brand-applied-medical","7":"product_cat-applied-medical","8":"product_cat-cirugia","10":"first","11":"instock","12":"shipping-taxable","13":"product-type-simple"},"acf":[],"brands":[],"_links":{"self":[{"href":"https:\/\/latinhg.com\/es\/wp-json\/wp\/v2\/product\/484","targetHints":{"allow":["GET"]}}],"collection":[{"href":"https:\/\/latinhg.com\/es\/wp-json\/wp\/v2\/product"}],"about":[{"href":"https:\/\/latinhg.com\/es\/wp-json\/wp\/v2\/types\/product"}],"wp:featuredmedia":[{"embeddable":true,"href":"https:\/\/latinhg.com\/es\/wp-json\/wp\/v2\/media\/485"}],"wp:attachment":[{"href":"https:\/\/latinhg.com\/es\/wp-json\/wp\/v2\/media?parent=484"}],"wp:term":[{"taxonomy":"pwb-brand","embeddable":true,"href":"https:\/\/latinhg.com\/es\/wp-json\/wp\/v2\/pwb-brand?post=484"},{"taxonomy":"product_brand","embeddable":true,"href":"https:\/\/latinhg.com\/es\/wp-json\/wp\/v2\/product_brand?post=484"},{"taxonomy":"product_cat","embeddable":true,"href":"https:\/\/latinhg.com\/es\/wp-json\/wp\/v2\/product_cat?post=484"},{"taxonomy":"product_tag","embeddable":true,"href":"https:\/\/latinhg.com\/es\/wp-json\/wp\/v2\/product_tag?post=484"}],"curies":[{"name":"wp","href":"https:\/\/api.w.org\/{rel}","templated":true}]}}