{"id":482,"date":"2025-08-11T14:58:12","date_gmt":"2025-08-11T14:58:12","guid":{"rendered":"https:\/\/latinhg.com\/?post_type=product&#038;p=482"},"modified":"2025-09-26T04:55:51","modified_gmt":"2025-09-26T04:55:51","slug":"sistema-de-acceso-de-punta-roma-con-balon-kii","status":"publish","type":"product","link":"https:\/\/latinhg.com\/es\/product\/sistema-de-acceso-de-punta-roma-con-balon-kii\/","title":{"rendered":"Sistema de acceso de punta roma con bal\u00f3n Kii"},"content":{"rendered":"<p>El sistema de acceso de punta roma con bal\u00f3n Kii cuenta con un cono de gel innovador que permite una mejor articulaci\u00f3n del instrumento mientras se mantiene el neumoperitoneo. El bal\u00f3n que no se fragmenta y no es de l\u00e1tex garantiza la m\u00e1xima estabilidad durante los procedimientos prolongados y proporciona la m\u00e1xima visibilidad al minimizar la intrusi\u00f3n del trocar en el abdomen.<\/p>\n<p><a href=\"https:\/\/latinhg.com\/wp-content\/uploads\/2025\/08\/kii_trocares_applied.pdf\">PDF &#8211; Kii Trocares Applied<\/a><\/p>\n","protected":false},"excerpt":{"rendered":"<p>El sistema de acceso de punta roma con bal\u00f3n Kii cuenta con un cono de gel innovador que permite una mejor articulaci\u00f3n del instrumento mientras se mantiene el neumoperitoneo. El bal\u00f3n que no se fragmenta y no es de l\u00e1tex garantiza la m\u00e1xima estabilidad durante los procedimientos prolongados y proporciona la m\u00e1xima visibilidad al minimizar [&hellip;]<\/p>\n","protected":false},"featured_media":483,"template":"","meta":{"_acf_changed":false,"inline_featured_image":false},"pwb-brand":[],"product_brand":[58],"product_cat":[87,57],"product_tag":[],"class_list":{"0":"post-482","1":"product","2":"type-product","3":"status-publish","4":"has-post-thumbnail","6":"product_brand-applied-medical","7":"product_cat-applied-medical","8":"product_cat-cirugia","10":"first","11":"instock","12":"shipping-taxable","13":"product-type-simple"},"acf":[],"brands":[],"_links":{"self":[{"href":"https:\/\/latinhg.com\/es\/wp-json\/wp\/v2\/product\/482","targetHints":{"allow":["GET"]}}],"collection":[{"href":"https:\/\/latinhg.com\/es\/wp-json\/wp\/v2\/product"}],"about":[{"href":"https:\/\/latinhg.com\/es\/wp-json\/wp\/v2\/types\/product"}],"wp:featuredmedia":[{"embeddable":true,"href":"https:\/\/latinhg.com\/es\/wp-json\/wp\/v2\/media\/483"}],"wp:attachment":[{"href":"https:\/\/latinhg.com\/es\/wp-json\/wp\/v2\/media?parent=482"}],"wp:term":[{"taxonomy":"pwb-brand","embeddable":true,"href":"https:\/\/latinhg.com\/es\/wp-json\/wp\/v2\/pwb-brand?post=482"},{"taxonomy":"product_brand","embeddable":true,"href":"https:\/\/latinhg.com\/es\/wp-json\/wp\/v2\/product_brand?post=482"},{"taxonomy":"product_cat","embeddable":true,"href":"https:\/\/latinhg.com\/es\/wp-json\/wp\/v2\/product_cat?post=482"},{"taxonomy":"product_tag","embeddable":true,"href":"https:\/\/latinhg.com\/es\/wp-json\/wp\/v2\/product_tag?post=482"}],"curies":[{"name":"wp","href":"https:\/\/api.w.org\/{rel}","templated":true}]}}