{"id":475,"date":"2025-08-11T14:51:00","date_gmt":"2025-08-11T14:51:00","guid":{"rendered":"https:\/\/latinhg.com\/?post_type=product&#038;p=475"},"modified":"2025-09-26T04:55:51","modified_gmt":"2025-09-26T04:55:51","slug":"trocares","status":"publish","type":"product","link":"https:\/\/latinhg.com\/es\/product\/trocares\/","title":{"rendered":"Tr\u00f3cares"},"content":{"rendered":"<p>Contamos con una amplia cartera de sistemas de acceso para satisfacer las necesidades de los cirujanos generales, bari\u00e1tricos, colorrectales, urol\u00f3gicos, ginecol\u00f3gicos y pedi\u00e1tricos. Los sistemas de acceso Kii cuentan con sellos totalmente removibles, insuflaci\u00f3n de primera entrada y una variedad de tecnolog\u00edas de fijaci\u00f3n.<\/p>\n<p><a href=\"https:\/\/latinhg.com\/wp-content\/uploads\/2025\/08\/kii_trocares_applied.pdf\">PDF &#8211; Kii Trocares Applied<\/a><\/p>\n","protected":false},"excerpt":{"rendered":"<p>Contamos con una amplia cartera de sistemas de acceso para satisfacer las necesidades de los cirujanos generales, bari\u00e1tricos, colorrectales, urol\u00f3gicos, ginecol\u00f3gicos y pedi\u00e1tricos. Los sistemas de acceso Kii cuentan con sellos totalmente removibles, insuflaci\u00f3n de primera entrada y una variedad de tecnolog\u00edas de fijaci\u00f3n. PDF &#8211; Kii Trocares Applied<\/p>\n","protected":false},"featured_media":476,"template":"","meta":{"_acf_changed":false,"inline_featured_image":false},"pwb-brand":[],"product_brand":[58],"product_cat":[87,57],"product_tag":[],"class_list":{"0":"post-475","1":"product","2":"type-product","3":"status-publish","4":"has-post-thumbnail","6":"product_brand-applied-medical","7":"product_cat-applied-medical","8":"product_cat-cirugia","10":"first","11":"instock","12":"shipping-taxable","13":"product-type-simple"},"acf":[],"brands":[],"_links":{"self":[{"href":"https:\/\/latinhg.com\/es\/wp-json\/wp\/v2\/product\/475","targetHints":{"allow":["GET"]}}],"collection":[{"href":"https:\/\/latinhg.com\/es\/wp-json\/wp\/v2\/product"}],"about":[{"href":"https:\/\/latinhg.com\/es\/wp-json\/wp\/v2\/types\/product"}],"wp:featuredmedia":[{"embeddable":true,"href":"https:\/\/latinhg.com\/es\/wp-json\/wp\/v2\/media\/476"}],"wp:attachment":[{"href":"https:\/\/latinhg.com\/es\/wp-json\/wp\/v2\/media?parent=475"}],"wp:term":[{"taxonomy":"pwb-brand","embeddable":true,"href":"https:\/\/latinhg.com\/es\/wp-json\/wp\/v2\/pwb-brand?post=475"},{"taxonomy":"product_brand","embeddable":true,"href":"https:\/\/latinhg.com\/es\/wp-json\/wp\/v2\/product_brand?post=475"},{"taxonomy":"product_cat","embeddable":true,"href":"https:\/\/latinhg.com\/es\/wp-json\/wp\/v2\/product_cat?post=475"},{"taxonomy":"product_tag","embeddable":true,"href":"https:\/\/latinhg.com\/es\/wp-json\/wp\/v2\/product_tag?post=475"}],"curies":[{"name":"wp","href":"https:\/\/api.w.org\/{rel}","templated":true}]}}