{"id":1102,"date":"2025-09-12T06:03:53","date_gmt":"2025-09-12T06:03:53","guid":{"rendered":"https:\/\/latinhg.com\/?post_type=product&#038;p=1102"},"modified":"2025-09-26T04:59:48","modified_gmt":"2025-09-26T04:59:48","slug":"tracheostomy-holder","status":"publish","type":"product","link":"https:\/\/latinhg.com\/es\/product\/tracheostomy-holder\/","title":{"rendered":"Sujetador de traqueostom\u00eda"},"content":{"rendered":"<p>Dise\u00f1ada para proveer un seguro posicionamiento y minimizar el movimiento del tubo de traqueotom\u00eda. Ajustable a la circunferencia del cuello, disponible en tama\u00f1os pedi\u00e1tricos, neonatales y adultos.<\/p>\n","protected":false},"excerpt":{"rendered":"<p>Dise\u00f1ada para proveer un seguro posicionamiento y minimizar el movimiento del tubo de traqueotom\u00eda. Ajustable a la circunferencia del cuello, disponible en tama\u00f1os pedi\u00e1tricos, neonatales y adultos.<\/p>\n","protected":false},"featured_media":673,"template":"","meta":{"_acf_changed":false,"inline_featured_image":false},"pwb-brand":[],"product_brand":[75],"product_cat":[89,60],"product_tag":[],"class_list":{"0":"post-1102","1":"product","2":"type-product","3":"status-publish","4":"has-post-thumbnail","6":"product_brand-dale","7":"product_cat-dale","8":"product_cat-intervencional","10":"first","11":"instock","12":"shipping-taxable","13":"product-type-simple"},"acf":[],"brands":[],"_links":{"self":[{"href":"https:\/\/latinhg.com\/es\/wp-json\/wp\/v2\/product\/1102","targetHints":{"allow":["GET"]}}],"collection":[{"href":"https:\/\/latinhg.com\/es\/wp-json\/wp\/v2\/product"}],"about":[{"href":"https:\/\/latinhg.com\/es\/wp-json\/wp\/v2\/types\/product"}],"wp:featuredmedia":[{"embeddable":true,"href":"https:\/\/latinhg.com\/es\/wp-json\/wp\/v2\/media\/673"}],"wp:attachment":[{"href":"https:\/\/latinhg.com\/es\/wp-json\/wp\/v2\/media?parent=1102"}],"wp:term":[{"taxonomy":"pwb-brand","embeddable":true,"href":"https:\/\/latinhg.com\/es\/wp-json\/wp\/v2\/pwb-brand?post=1102"},{"taxonomy":"product_brand","embeddable":true,"href":"https:\/\/latinhg.com\/es\/wp-json\/wp\/v2\/product_brand?post=1102"},{"taxonomy":"product_cat","embeddable":true,"href":"https:\/\/latinhg.com\/es\/wp-json\/wp\/v2\/product_cat?post=1102"},{"taxonomy":"product_tag","embeddable":true,"href":"https:\/\/latinhg.com\/es\/wp-json\/wp\/v2\/product_tag?post=1102"}],"curies":[{"name":"wp","href":"https:\/\/api.w.org\/{rel}","templated":true}]}}