{"id":1100,"date":"2025-09-12T05:59:51","date_gmt":"2025-09-12T05:59:51","guid":{"rendered":"https:\/\/latinhg.com\/?post_type=product&#038;p=1100"},"modified":"2025-09-26T04:59:48","modified_gmt":"2025-09-26T04:59:48","slug":"ferulas","status":"publish","type":"product","link":"https:\/\/latinhg.com\/es\/product\/ferulas\/","title":{"rendered":"F\u00e9rulas"},"content":{"rendered":"<p>La mejor manera de asegurar y estabilizar las l\u00edneas arteriales, las v\u00edas perif\u00e9ricas e introductores es con la f\u00e9rula flexible de Dale. Se puede colocar en cualquier posici\u00f3n para maximizar la exposici\u00f3n de la arteria radial. Mejora y asegura la comodidad del paciente.<\/p>\n","protected":false},"excerpt":{"rendered":"<p>La mejor manera de asegurar y estabilizar las l\u00edneas arteriales, las v\u00edas perif\u00e9ricas e introductores es con la f\u00e9rula flexible de Dale. Se puede colocar en cualquier posici\u00f3n para maximizar la exposici\u00f3n de la arteria radial. Mejora y asegura la comodidad del paciente.<\/p>\n","protected":false},"featured_media":664,"template":"","meta":{"_acf_changed":false,"inline_featured_image":false},"pwb-brand":[],"product_brand":[75],"product_cat":[89,60],"product_tag":[],"class_list":{"0":"post-1100","1":"product","2":"type-product","3":"status-publish","4":"has-post-thumbnail","6":"product_brand-dale","7":"product_cat-dale","8":"product_cat-intervencional","10":"first","11":"instock","12":"shipping-taxable","13":"product-type-simple"},"acf":[],"brands":[],"_links":{"self":[{"href":"https:\/\/latinhg.com\/es\/wp-json\/wp\/v2\/product\/1100","targetHints":{"allow":["GET"]}}],"collection":[{"href":"https:\/\/latinhg.com\/es\/wp-json\/wp\/v2\/product"}],"about":[{"href":"https:\/\/latinhg.com\/es\/wp-json\/wp\/v2\/types\/product"}],"wp:featuredmedia":[{"embeddable":true,"href":"https:\/\/latinhg.com\/es\/wp-json\/wp\/v2\/media\/664"}],"wp:attachment":[{"href":"https:\/\/latinhg.com\/es\/wp-json\/wp\/v2\/media?parent=1100"}],"wp:term":[{"taxonomy":"pwb-brand","embeddable":true,"href":"https:\/\/latinhg.com\/es\/wp-json\/wp\/v2\/pwb-brand?post=1100"},{"taxonomy":"product_brand","embeddable":true,"href":"https:\/\/latinhg.com\/es\/wp-json\/wp\/v2\/product_brand?post=1100"},{"taxonomy":"product_cat","embeddable":true,"href":"https:\/\/latinhg.com\/es\/wp-json\/wp\/v2\/product_cat?post=1100"},{"taxonomy":"product_tag","embeddable":true,"href":"https:\/\/latinhg.com\/es\/wp-json\/wp\/v2\/product_tag?post=1100"}],"curies":[{"name":"wp","href":"https:\/\/api.w.org\/{rel}","templated":true}]}}