{"id":1098,"date":"2025-09-12T05:54:31","date_gmt":"2025-09-12T05:54:31","guid":{"rendered":"https:\/\/latinhg.com\/?post_type=product&#038;p=1098"},"modified":"2025-09-26T05:15:25","modified_gmt":"2025-09-26T05:15:25","slug":"kit-de-curaciones-cateter-venoso-central","status":"publish","type":"product","link":"https:\/\/latinhg.com\/es\/product\/kit-de-curaciones-cateter-venoso-central\/","title":{"rendered":"Kit de curaciones Cat\u00e9ter Venoso Central"},"content":{"rendered":"<p>El procedimiento adecuado de curaci\u00f3n del cat\u00e9ter venoso central (CVC) es crucial para evitar infecciones que pueden comprometer seriamente la vida de los pacientes. El Kit de curaci\u00f3n de CVC de Medical Action se ha dise\u00f1ado como protocolo paso a paso, con cada uno de los componentes necesarios para una curaci\u00f3n optima.<\/p>\n","protected":false},"excerpt":{"rendered":"<p>Este kit de es utilizado para el procedimiento de curaci\u00f3n de las traqueostom\u00edas. Dise\u00f1o en empaque est\u00e9ril, con los componentes necesarios para el cumplimiento de los protocolos intrahospitalarios.<\/p>\n","protected":false},"featured_media":657,"template":"","meta":{"_acf_changed":false,"inline_featured_image":false},"pwb-brand":[],"product_brand":[65],"product_cat":[60,95],"product_tag":[],"class_list":{"0":"post-1098","1":"product","2":"type-product","3":"status-publish","4":"has-post-thumbnail","6":"product_brand-medical-action","7":"product_cat-intervencional","8":"product_cat-medical-action","10":"first","11":"instock","12":"shipping-taxable","13":"product-type-simple"},"acf":[],"brands":[],"_links":{"self":[{"href":"https:\/\/latinhg.com\/es\/wp-json\/wp\/v2\/product\/1098","targetHints":{"allow":["GET"]}}],"collection":[{"href":"https:\/\/latinhg.com\/es\/wp-json\/wp\/v2\/product"}],"about":[{"href":"https:\/\/latinhg.com\/es\/wp-json\/wp\/v2\/types\/product"}],"wp:featuredmedia":[{"embeddable":true,"href":"https:\/\/latinhg.com\/es\/wp-json\/wp\/v2\/media\/657"}],"wp:attachment":[{"href":"https:\/\/latinhg.com\/es\/wp-json\/wp\/v2\/media?parent=1098"}],"wp:term":[{"taxonomy":"pwb-brand","embeddable":true,"href":"https:\/\/latinhg.com\/es\/wp-json\/wp\/v2\/pwb-brand?post=1098"},{"taxonomy":"product_brand","embeddable":true,"href":"https:\/\/latinhg.com\/es\/wp-json\/wp\/v2\/product_brand?post=1098"},{"taxonomy":"product_cat","embeddable":true,"href":"https:\/\/latinhg.com\/es\/wp-json\/wp\/v2\/product_cat?post=1098"},{"taxonomy":"product_tag","embeddable":true,"href":"https:\/\/latinhg.com\/es\/wp-json\/wp\/v2\/product_tag?post=1098"}],"curies":[{"name":"wp","href":"https:\/\/api.w.org\/{rel}","templated":true}]}}