{"id":602,"date":"2025-08-11T17:39:17","date_gmt":"2025-08-11T17:39:17","guid":{"rendered":"https:\/\/latinhg.com\/?post_type=product&#038;p=602"},"modified":"2025-09-26T05:05:13","modified_gmt":"2025-09-26T05:05:13","slug":"exanguinador-para-cirugia-ortopedica","status":"publish","type":"product","link":"https:\/\/latinhg.com\/en\/product\/exanguinador-para-cirugia-ortopedica\/","title":{"rendered":"Exsanguinator for Orthopedic Surgery"},"content":{"rendered":"<p>HemaClear\u00ae is a sterile exsanguination tourniquet used during limb surgery to provide a bloodless surgical field and improve visualization of critical structures during procedures.<br \/>\nSizes:<\/p>\n<ul class=\"bullets-padding-left\">\n<li>Small<\/li>\n<li>Medium (3 model options)<\/li>\n<li>Large (3 model options)<\/li>\n<li>Extra-Large<\/li>\n<li>Model A (foot)<\/li>\n<li>Model F (hand)<\/li>\n<\/ul>\n<p><a href=\"https:\/\/latinhg.com\/wp-content\/uploads\/2025\/08\/torniquete_exsanguinacion_esteril_hemaclear.pdf\">PDF \u2013 Exsanguinator for Orthopedic Surgery<\/a><\/p>","protected":false},"excerpt":{"rendered":"<p>HemaClear\u00ae es un torniquete de exanguinaci\u00f3n est\u00e9ril que se utiliza durante la cirug\u00eda de extremidades para proporcionar un campo quir\u00fargico sin sangre y mejorar la visualizaci\u00f3n de las estructuras cr\u00edticas durante los procedimientos. Tama\u00f1os: Peque\u00f1o Mediano (opci\u00f3n de 3 modelos) Grande (opci\u00f3n de 3 modelos) Extra-Grande Modelo A (pie) Modelo F (mano) PDF &#8211; Exanguinador [&hellip;]<\/p>\n","protected":false},"featured_media":604,"template":"","meta":{"_acf_changed":false,"inline_featured_image":false},"pwb-brand":[],"product_brand":[64],"product_cat":[57,93],"product_tag":[],"class_list":{"0":"post-602","1":"product","2":"type-product","3":"status-publish","4":"has-post-thumbnail","6":"product_brand-hema-clear","7":"product_cat-cirugia","8":"product_cat-hema-clear","10":"first","11":"instock","12":"shipping-taxable","13":"product-type-simple"},"acf":[],"brands":[],"_links":{"self":[{"href":"https:\/\/latinhg.com\/en\/wp-json\/wp\/v2\/product\/602","targetHints":{"allow":["GET"]}}],"collection":[{"href":"https:\/\/latinhg.com\/en\/wp-json\/wp\/v2\/product"}],"about":[{"href":"https:\/\/latinhg.com\/en\/wp-json\/wp\/v2\/types\/product"}],"wp:featuredmedia":[{"embeddable":true,"href":"https:\/\/latinhg.com\/en\/wp-json\/wp\/v2\/media\/604"}],"wp:attachment":[{"href":"https:\/\/latinhg.com\/en\/wp-json\/wp\/v2\/media?parent=602"}],"wp:term":[{"taxonomy":"pwb-brand","embeddable":true,"href":"https:\/\/latinhg.com\/en\/wp-json\/wp\/v2\/pwb-brand?post=602"},{"taxonomy":"product_brand","embeddable":true,"href":"https:\/\/latinhg.com\/en\/wp-json\/wp\/v2\/product_brand?post=602"},{"taxonomy":"product_cat","embeddable":true,"href":"https:\/\/latinhg.com\/en\/wp-json\/wp\/v2\/product_cat?post=602"},{"taxonomy":"product_tag","embeddable":true,"href":"https:\/\/latinhg.com\/en\/wp-json\/wp\/v2\/product_tag?post=602"}],"curies":[{"name":"wp","href":"https:\/\/api.w.org\/{rel}","templated":true}]}}