{"id":597,"date":"2025-08-11T17:31:59","date_gmt":"2025-08-11T17:31:59","guid":{"rendered":"https:\/\/latinhg.com\/?post_type=product&#038;p=597"},"modified":"2025-09-26T04:57:51","modified_gmt":"2025-09-26T04:57:51","slug":"suturas-laparoscopicas-absorbibles","status":"publish","type":"product","link":"https:\/\/latinhg.com\/en\/product\/suturas-laparoscopicas-absorbibles\/","title":{"rendered":"Absorbable Laparoscopic Sutures"},"content":{"rendered":"<p>High-strength absorbable laparoscopic suture with barbs or anchors that eliminate the need for knot tying, featuring an end-locking system that saves the surgeon time.<br \/>\nAbsorption time of 180\u2013210 days.<\/p>\n<p><a href=\"https:\/\/latinhg.com\/wp-content\/uploads\/2025\/08\/assut_filbloc.pdf\">PDF \u2013 Laparoscopic Sutures<\/a><\/p>","protected":false},"excerpt":{"rendered":"<p>Sutura laparosc\u00f3pica absorbible de alta resistencia con barbas o anclas que evitan la necesidad de hacer nudos, sistema de bloque final que ahorra tiempo al cirujano. Tiempo de absorci\u00f3n de 180-210 d\u00edas. PDF &#8211; Suturas laparosc\u00f3picas<\/p>","protected":false},"featured_media":599,"template":"","meta":{"_acf_changed":false,"inline_featured_image":false},"pwb-brand":[],"product_brand":[63],"product_cat":[88,57],"product_tag":[],"class_list":{"0":"post-597","1":"product","2":"type-product","3":"status-publish","4":"has-post-thumbnail","6":"product_brand-assut-europe","7":"product_cat-assut-europe","8":"product_cat-cirugia","10":"first","11":"instock","12":"shipping-taxable","13":"product-type-simple"},"acf":[],"brands":[],"_links":{"self":[{"href":"https:\/\/latinhg.com\/en\/wp-json\/wp\/v2\/product\/597","targetHints":{"allow":["GET"]}}],"collection":[{"href":"https:\/\/latinhg.com\/en\/wp-json\/wp\/v2\/product"}],"about":[{"href":"https:\/\/latinhg.com\/en\/wp-json\/wp\/v2\/types\/product"}],"wp:featuredmedia":[{"embeddable":true,"href":"https:\/\/latinhg.com\/en\/wp-json\/wp\/v2\/media\/599"}],"wp:attachment":[{"href":"https:\/\/latinhg.com\/en\/wp-json\/wp\/v2\/media?parent=597"}],"wp:term":[{"taxonomy":"pwb-brand","embeddable":true,"href":"https:\/\/latinhg.com\/en\/wp-json\/wp\/v2\/pwb-brand?post=597"},{"taxonomy":"product_brand","embeddable":true,"href":"https:\/\/latinhg.com\/en\/wp-json\/wp\/v2\/product_brand?post=597"},{"taxonomy":"product_cat","embeddable":true,"href":"https:\/\/latinhg.com\/en\/wp-json\/wp\/v2\/product_cat?post=597"},{"taxonomy":"product_tag","embeddable":true,"href":"https:\/\/latinhg.com\/en\/wp-json\/wp\/v2\/product_tag?post=597"}],"curies":[{"name":"wp","href":"https:\/\/api.w.org\/{rel}","templated":true}]}}