{"id":591,"date":"2025-08-11T17:26:36","date_gmt":"2025-08-11T17:26:36","guid":{"rendered":"https:\/\/latinhg.com\/?post_type=product&#038;p=591"},"modified":"2025-09-26T05:02:47","modified_gmt":"2025-09-26T05:02:47","slug":"vestimenta-de-proteccion","status":"publish","type":"product","link":"https:\/\/latinhg.com\/en\/product\/vestimenta-de-proteccion\/","title":{"rendered":"Protective Clothing"},"content":{"rendered":"<p>For nearly half a century, Halyard has been a leader in medical fabric technology, with over 650 patents for advanced nonwoven fabrics. Now, it offers more options than ever in surgical gowns that provide the essential balance of properties required by your demanding work: barrier protection, flame resistance, lint-free, and abrasion resistance.<br \/>\nWith testing and quality certifications according to international standards, you can choose the most suitable option based on your needs.<\/p>\n<p><a href=\"https:\/\/latinhg.com\/wp-content\/uploads\/2025\/08\/batas_equipo_proteccion_halyard.pdf\">PDF \u2013 Protective Clothing<\/a><\/p>","protected":false},"excerpt":{"rendered":"<p>Por casi medio siglo, Halyard ha sido un l\u00edder en la tecnolog\u00eda de tela m\u00e9dica, con m\u00e1s de 650 patentes para telas avanzadas no tejidas. Ahora, ofrece m\u00e1s opciones que nunca en batas quir\u00fargicas que brindan el equilibrio fundamental de propiedades que requiere su exigente trabajo: protecci\u00f3n de barrera, resistencia a la flama y ausencia [&hellip;]<\/p>\n","protected":false},"featured_media":593,"template":"","meta":{"_acf_changed":false,"inline_featured_image":false},"pwb-brand":[],"product_brand":[59],"product_cat":[57,91],"product_tag":[],"class_list":{"0":"post-591","1":"product","2":"type-product","3":"status-publish","4":"has-post-thumbnail","6":"product_brand-halyard","7":"product_cat-cirugia","8":"product_cat-halyard-cirugia","10":"first","11":"instock","12":"shipping-taxable","13":"product-type-simple"},"acf":[],"brands":[],"_links":{"self":[{"href":"https:\/\/latinhg.com\/en\/wp-json\/wp\/v2\/product\/591","targetHints":{"allow":["GET"]}}],"collection":[{"href":"https:\/\/latinhg.com\/en\/wp-json\/wp\/v2\/product"}],"about":[{"href":"https:\/\/latinhg.com\/en\/wp-json\/wp\/v2\/types\/product"}],"wp:featuredmedia":[{"embeddable":true,"href":"https:\/\/latinhg.com\/en\/wp-json\/wp\/v2\/media\/593"}],"wp:attachment":[{"href":"https:\/\/latinhg.com\/en\/wp-json\/wp\/v2\/media?parent=591"}],"wp:term":[{"taxonomy":"pwb-brand","embeddable":true,"href":"https:\/\/latinhg.com\/en\/wp-json\/wp\/v2\/pwb-brand?post=591"},{"taxonomy":"product_brand","embeddable":true,"href":"https:\/\/latinhg.com\/en\/wp-json\/wp\/v2\/product_brand?post=591"},{"taxonomy":"product_cat","embeddable":true,"href":"https:\/\/latinhg.com\/en\/wp-json\/wp\/v2\/product_cat?post=591"},{"taxonomy":"product_tag","embeddable":true,"href":"https:\/\/latinhg.com\/en\/wp-json\/wp\/v2\/product_tag?post=591"}],"curies":[{"name":"wp","href":"https:\/\/api.w.org\/{rel}","templated":true}]}}