{"id":585,"date":"2025-08-11T17:22:05","date_gmt":"2025-08-11T17:22:05","guid":{"rendered":"https:\/\/latinhg.com\/?post_type=product&#038;p=585"},"modified":"2025-09-26T05:02:47","modified_gmt":"2025-09-26T05:02:47","slug":"envolturas-para-esterilizacion","status":"publish","type":"product","link":"https:\/\/latinhg.com\/en\/product\/envolturas-para-esterilizacion\/","title":{"rendered":"Sterilization Wraps"},"content":{"rendered":"<p>SMS technology provides greater strength, enhanced sterilization security, and is 100% recyclable.<\/p>\n<p><a href=\"https:\/\/latinhg.com\/wp-content\/uploads\/2025\/08\/envolturas_esterilizacion_halyard.pdf\">PDF \u2013 Sterilization Wraps<\/a><\/p>","protected":false},"excerpt":{"rendered":"<p>Tecnolog\u00eda SMS que ofrece mayor resistencia, mayor seguridad de esterilizaci\u00f3n y es 100% reciclable. PDF &#8211; Envolturas para Esterilizaci\u00f3n<\/p>","protected":false},"featured_media":587,"template":"","meta":{"_acf_changed":false,"inline_featured_image":false},"pwb-brand":[],"product_brand":[59],"product_cat":[57,91],"product_tag":[],"class_list":{"0":"post-585","1":"product","2":"type-product","3":"status-publish","4":"has-post-thumbnail","6":"product_brand-halyard","7":"product_cat-cirugia","8":"product_cat-halyard-cirugia","10":"first","11":"instock","12":"shipping-taxable","13":"product-type-simple"},"acf":[],"brands":[],"_links":{"self":[{"href":"https:\/\/latinhg.com\/en\/wp-json\/wp\/v2\/product\/585","targetHints":{"allow":["GET"]}}],"collection":[{"href":"https:\/\/latinhg.com\/en\/wp-json\/wp\/v2\/product"}],"about":[{"href":"https:\/\/latinhg.com\/en\/wp-json\/wp\/v2\/types\/product"}],"wp:featuredmedia":[{"embeddable":true,"href":"https:\/\/latinhg.com\/en\/wp-json\/wp\/v2\/media\/587"}],"wp:attachment":[{"href":"https:\/\/latinhg.com\/en\/wp-json\/wp\/v2\/media?parent=585"}],"wp:term":[{"taxonomy":"pwb-brand","embeddable":true,"href":"https:\/\/latinhg.com\/en\/wp-json\/wp\/v2\/pwb-brand?post=585"},{"taxonomy":"product_brand","embeddable":true,"href":"https:\/\/latinhg.com\/en\/wp-json\/wp\/v2\/product_brand?post=585"},{"taxonomy":"product_cat","embeddable":true,"href":"https:\/\/latinhg.com\/en\/wp-json\/wp\/v2\/product_cat?post=585"},{"taxonomy":"product_tag","embeddable":true,"href":"https:\/\/latinhg.com\/en\/wp-json\/wp\/v2\/product_tag?post=585"}],"curies":[{"name":"wp","href":"https:\/\/api.w.org\/{rel}","templated":true}]}}