{"id":575,"date":"2025-08-11T17:13:34","date_gmt":"2025-08-11T17:13:34","guid":{"rendered":"https:\/\/latinhg.com\/?post_type=product&#038;p=575"},"modified":"2025-09-26T05:02:48","modified_gmt":"2025-09-26T05:02:48","slug":"paquetes-campos-quirurgicos-cardiovasculares","status":"publish","type":"product","link":"https:\/\/latinhg.com\/en\/product\/paquetes-campos-quirurgicos-cardiovasculares\/","title":{"rendered":"Cardiovascular Surgical Drape Packs"},"content":{"rendered":"<p>Available for the full range of cardiovascular procedures. Halyard Health cardiovascular drapes provide the strength, versatility, and efficiency needed for the critical demands of cardiovascular surgery.<br \/>\n<strong>Halyard Health medical drapes are developed to protect both you and your patients.<\/strong><br \/>\nThey include the following features:<\/p>\n<ul class=\"bullets-padding-left\">\n<li>Highest flame resistance rating for use near lasers and other electrical instruments.<\/li>\n<li>Fabric that is resistant to tearing, strikethrough, and abrasion while securely holding lines and tubes.<\/li>\n<li>Less lint generation than other drapes to reduce the risk of airborne bacterial transmission. Incision areas that quickly and easily secure to the patient.<\/li>\n<li>Armboard covers for additional coverage.<\/li>\n<\/ul>\n<p><a href=\"https:\/\/latinhg.com\/wp-content\/uploads\/2025\/08\/pcq_cardiovasculares.pdf\">PDF \u2013 Cardiovascular Surgical Drape Packs<\/a><\/p>","protected":false},"excerpt":{"rendered":"<p>Disponible para la gama completa de procedimientos cardiovasculares.\u00a0Los campos cardiovasculares Halyard Health brindan la fuerza, la versatilidad y la eficiencia necesarias para las demandas cr\u00edticas de la cirug\u00eda cardiovascular. Los pa\u00f1os m\u00e9dicos Halyard Health est\u00e1n desarrollados para protegerlo a usted y a sus pacientes. Incluyen las siguientes caracter\u00edsticas: Clasificaci\u00f3n m\u00e1xima de resistencia a la llama [&hellip;]<\/p>\n","protected":false},"featured_media":577,"template":"","meta":{"_acf_changed":false,"inline_featured_image":false},"pwb-brand":[],"product_brand":[59],"product_cat":[57,91],"product_tag":[],"class_list":{"0":"post-575","1":"product","2":"type-product","3":"status-publish","4":"has-post-thumbnail","6":"product_brand-halyard","7":"product_cat-cirugia","8":"product_cat-halyard-cirugia","10":"first","11":"instock","12":"shipping-taxable","13":"product-type-simple"},"acf":[],"brands":[],"_links":{"self":[{"href":"https:\/\/latinhg.com\/en\/wp-json\/wp\/v2\/product\/575","targetHints":{"allow":["GET"]}}],"collection":[{"href":"https:\/\/latinhg.com\/en\/wp-json\/wp\/v2\/product"}],"about":[{"href":"https:\/\/latinhg.com\/en\/wp-json\/wp\/v2\/types\/product"}],"wp:featuredmedia":[{"embeddable":true,"href":"https:\/\/latinhg.com\/en\/wp-json\/wp\/v2\/media\/577"}],"wp:attachment":[{"href":"https:\/\/latinhg.com\/en\/wp-json\/wp\/v2\/media?parent=575"}],"wp:term":[{"taxonomy":"pwb-brand","embeddable":true,"href":"https:\/\/latinhg.com\/en\/wp-json\/wp\/v2\/pwb-brand?post=575"},{"taxonomy":"product_brand","embeddable":true,"href":"https:\/\/latinhg.com\/en\/wp-json\/wp\/v2\/product_brand?post=575"},{"taxonomy":"product_cat","embeddable":true,"href":"https:\/\/latinhg.com\/en\/wp-json\/wp\/v2\/product_cat?post=575"},{"taxonomy":"product_tag","embeddable":true,"href":"https:\/\/latinhg.com\/en\/wp-json\/wp\/v2\/product_tag?post=575"}],"curies":[{"name":"wp","href":"https:\/\/api.w.org\/{rel}","templated":true}]}}