{"id":572,"date":"2025-08-11T17:11:23","date_gmt":"2025-08-11T17:11:23","guid":{"rendered":"https:\/\/latinhg.com\/?post_type=product&#038;p=572"},"modified":"2025-09-26T05:02:49","modified_gmt":"2025-09-26T05:02:49","slug":"paquetes-campos-quirurgicos-ojos-y-otorrinolaringologia","status":"publish","type":"product","link":"https:\/\/latinhg.com\/en\/product\/paquetes-campos-quirurgicos-ojos-y-otorrinolaringologia\/","title":{"rendered":"Ophthalmology and Otorhinolaryngology Surgical Drapes"},"content":{"rendered":"<p>Available for the full range of surgeries above the shoulders. Halyard Health offers flexible draping systems that provide improved fluid control and greater patient comfort in ophthalmic, neurological, and other head and neck procedures.<br \/>\n<strong>Halyard drapes are designed to give you and your patients one less thing to worry about.<\/strong><br \/>\nThey include the following features:<\/p>\n<ul class=\"bullets-padding-left\">\n<li>Maximum resistance to flame.<\/li>\n<li>Low lint generation to reduce risk of airborne bacterial transmission.<\/li>\n<li>The eyedrapes are designed with a unique U shape fluid contention bag that helps reduce exposition during phacoemulsification and other fluid-intensive procedures and may also be used for left or right eye.<\/li>\n<li>Product offerings include full or fenestrated incise.<\/li>\n<\/ul>\n<p><a href=\"https:\/\/latinhg.com\/wp-content\/uploads\/2025\/08\/pcq_ojos_otorrinolaringologia_orl.pdf\">PDF \u2013 Surgical Drape Packs \u2013 Eyes and ENT<\/a><\/p>","protected":false},"excerpt":{"rendered":"<p>Disponible para la gama completa de cirug\u00eda por encima de los hombros.\u00a0Halyard Health tiene sistemas de drapeado flexibles que ofrecen un mejor control de fluidos y una mayor comodidad para el paciente en cirug\u00edas oft\u00e1lmicas, neurol\u00f3gicas y de otro tipo que involucran la cabeza y el cuello. Las cortinas Halyard Health est\u00e1n dise\u00f1adas para brindarle [&hellip;]<\/p>\n","protected":false},"featured_media":574,"template":"","meta":{"_acf_changed":false,"inline_featured_image":false},"pwb-brand":[],"product_brand":[59],"product_cat":[57,91],"product_tag":[],"class_list":{"0":"post-572","1":"product","2":"type-product","3":"status-publish","4":"has-post-thumbnail","6":"product_brand-halyard","7":"product_cat-cirugia","8":"product_cat-halyard-cirugia","10":"first","11":"instock","12":"shipping-taxable","13":"product-type-simple"},"acf":[],"brands":[],"_links":{"self":[{"href":"https:\/\/latinhg.com\/en\/wp-json\/wp\/v2\/product\/572","targetHints":{"allow":["GET"]}}],"collection":[{"href":"https:\/\/latinhg.com\/en\/wp-json\/wp\/v2\/product"}],"about":[{"href":"https:\/\/latinhg.com\/en\/wp-json\/wp\/v2\/types\/product"}],"wp:featuredmedia":[{"embeddable":true,"href":"https:\/\/latinhg.com\/en\/wp-json\/wp\/v2\/media\/574"}],"wp:attachment":[{"href":"https:\/\/latinhg.com\/en\/wp-json\/wp\/v2\/media?parent=572"}],"wp:term":[{"taxonomy":"pwb-brand","embeddable":true,"href":"https:\/\/latinhg.com\/en\/wp-json\/wp\/v2\/pwb-brand?post=572"},{"taxonomy":"product_brand","embeddable":true,"href":"https:\/\/latinhg.com\/en\/wp-json\/wp\/v2\/product_brand?post=572"},{"taxonomy":"product_cat","embeddable":true,"href":"https:\/\/latinhg.com\/en\/wp-json\/wp\/v2\/product_cat?post=572"},{"taxonomy":"product_tag","embeddable":true,"href":"https:\/\/latinhg.com\/en\/wp-json\/wp\/v2\/product_tag?post=572"}],"curies":[{"name":"wp","href":"https:\/\/api.w.org\/{rel}","templated":true}]}}