{"id":568,"date":"2025-08-11T17:08:10","date_gmt":"2025-08-11T17:08:10","guid":{"rendered":"https:\/\/latinhg.com\/?post_type=product&#038;p=568"},"modified":"2025-09-26T05:02:49","modified_gmt":"2025-09-26T05:02:49","slug":"paquetes-campos-quirurgicos-urologia","status":"publish","type":"product","link":"https:\/\/latinhg.com\/en\/product\/paquetes-campos-quirurgicos-urologia\/","title":{"rendered":"Surgical Field Packs Urology"},"content":{"rendered":"<p>Available for the full range of urological procedures. Halyard Health offers the performance and protection needed to meet the specific demands of urological procedures.<br \/>\n<strong>Halyard Health drapes are designed so that you and your patients have one less thing to worry about.<br \/>\n<\/strong>They include the following features:<\/p>\n<ul class=\"bullets-padding-left\">\n<li>Maximum resistance to flame.<\/li>\n<li>Tear, puncture, and abrasion resistant fabric<\/li>\n<li>Proporciona una conexi\u00f3n segura para l\u00edneas y tubos.<\/li>\n<li>Low lint generation to reduce the risk of airborne bacterial transmission<\/li>\n<li>Fabric reinforcement to control fluid runoff<\/li>\n<\/ul>\n<p><a href=\"https:\/\/latinhg.com\/wp-content\/uploads\/2025\/08\/pcq_urologia.pdf\">PDF \u2013 Surgical Field Packs Urology<\/a><\/p>","protected":false},"excerpt":{"rendered":"<p>Disponible para la gama completa de procedimientos urol\u00f3gicos.\u00a0Halyard Health ofrece el rendimiento y la protecci\u00f3n necesarios para hacer frente a las demandas espec\u00edficas de los procedimientos urol\u00f3gicos. Las cortinas Halyard Health est\u00e1n dise\u00f1adas para que usted y sus pacientes tengan una preocupaci\u00f3n menos. Incluyen las siguientes caracter\u00edsticas: Clasificaci\u00f3n m\u00e1xima de resistencia a la llama. Tejido [&hellip;]<\/p>\n","protected":false},"featured_media":570,"template":"","meta":{"_acf_changed":false,"inline_featured_image":false},"pwb-brand":[],"product_brand":[59],"product_cat":[57,91],"product_tag":[],"class_list":{"0":"post-568","1":"product","2":"type-product","3":"status-publish","4":"has-post-thumbnail","6":"product_brand-halyard","7":"product_cat-cirugia","8":"product_cat-halyard-cirugia","10":"first","11":"instock","12":"shipping-taxable","13":"product-type-simple"},"acf":[],"brands":[],"_links":{"self":[{"href":"https:\/\/latinhg.com\/en\/wp-json\/wp\/v2\/product\/568","targetHints":{"allow":["GET"]}}],"collection":[{"href":"https:\/\/latinhg.com\/en\/wp-json\/wp\/v2\/product"}],"about":[{"href":"https:\/\/latinhg.com\/en\/wp-json\/wp\/v2\/types\/product"}],"wp:featuredmedia":[{"embeddable":true,"href":"https:\/\/latinhg.com\/en\/wp-json\/wp\/v2\/media\/570"}],"wp:attachment":[{"href":"https:\/\/latinhg.com\/en\/wp-json\/wp\/v2\/media?parent=568"}],"wp:term":[{"taxonomy":"pwb-brand","embeddable":true,"href":"https:\/\/latinhg.com\/en\/wp-json\/wp\/v2\/pwb-brand?post=568"},{"taxonomy":"product_brand","embeddable":true,"href":"https:\/\/latinhg.com\/en\/wp-json\/wp\/v2\/product_brand?post=568"},{"taxonomy":"product_cat","embeddable":true,"href":"https:\/\/latinhg.com\/en\/wp-json\/wp\/v2\/product_cat?post=568"},{"taxonomy":"product_tag","embeddable":true,"href":"https:\/\/latinhg.com\/en\/wp-json\/wp\/v2\/product_tag?post=568"}],"curies":[{"name":"wp","href":"https:\/\/api.w.org\/{rel}","templated":true}]}}