{"id":562,"date":"2025-08-11T17:03:27","date_gmt":"2025-08-11T17:03:27","guid":{"rendered":"https:\/\/latinhg.com\/?post_type=product&#038;p=562"},"modified":"2025-09-26T05:02:49","modified_gmt":"2025-09-26T05:02:49","slug":"paquetes-campos-quirurgicos-obstetricia-y-cesareas","status":"publish","type":"product","link":"https:\/\/latinhg.com\/en\/product\/paquetes-campos-quirurgicos-obstetricia-y-cesareas\/","title":{"rendered":"Surgical Drape Packs \u2013 Obstetrics and C-Sections"},"content":{"rendered":"<p>Available for the full range of obstetric and gynecological procedures. Halyard Health offers exceptional draping products that provide effective fluid management for obstetric, gynecological, and cesarean procedures. They offer efficient fluid collection with easy cleanup and disposal, while reducing the risk of staff and patient contact with blood and body fluids.<br \/>\n<strong>Halyard sanitary drapes are designed to give you and your patients one less thing to worry about.<\/strong><br \/>\nThey include the following features:<\/p>\n<ul class=\"bullets-padding-left\">\n<li>Highest flame resistance rating Low lint generation to reduce the risk of airborne bacterial transmission<\/li>\n<li>Soft, comfortable fabric that resists strike-through<\/li>\n<li>Fluid collection pouches and suction drainage for fluid disposal<\/li>\n<\/ul>\n<p><a href=\"https:\/\/latinhg.com\/wp-content\/uploads\/2025\/08\/pcq_obstetricia_cesareas.pdf\">PDF \u2013 Surgical Drape Packs \u2013 Obstetrics and C-Sections<\/a><\/p>","protected":false},"excerpt":{"rendered":"<p>Disponible para la gama completa de procedimientos obst\u00e9tricos y ginecol\u00f3gicos.\u00a0Halyard Health tiene productos de cobertura excepcionales que ofrecen un manejo efectivo de fluidos para procedimientos obst\u00e9tricos, ginecol\u00f3gicos y de ces\u00e1rea.\u00a0Proporcionan una recolecci\u00f3n de fluidos eficaz con una f\u00e1cil limpieza y eliminaci\u00f3n, a la vez que reducen el riesgo de contacto del personal y del paciente [&hellip;]<\/p>\n","protected":false},"featured_media":564,"template":"","meta":{"_acf_changed":false,"inline_featured_image":false},"pwb-brand":[],"product_brand":[59],"product_cat":[57,91],"product_tag":[],"class_list":{"0":"post-562","1":"product","2":"type-product","3":"status-publish","4":"has-post-thumbnail","6":"product_brand-halyard","7":"product_cat-cirugia","8":"product_cat-halyard-cirugia","10":"first","11":"instock","12":"shipping-taxable","13":"product-type-simple"},"acf":[],"brands":[],"_links":{"self":[{"href":"https:\/\/latinhg.com\/en\/wp-json\/wp\/v2\/product\/562","targetHints":{"allow":["GET"]}}],"collection":[{"href":"https:\/\/latinhg.com\/en\/wp-json\/wp\/v2\/product"}],"about":[{"href":"https:\/\/latinhg.com\/en\/wp-json\/wp\/v2\/types\/product"}],"wp:featuredmedia":[{"embeddable":true,"href":"https:\/\/latinhg.com\/en\/wp-json\/wp\/v2\/media\/564"}],"wp:attachment":[{"href":"https:\/\/latinhg.com\/en\/wp-json\/wp\/v2\/media?parent=562"}],"wp:term":[{"taxonomy":"pwb-brand","embeddable":true,"href":"https:\/\/latinhg.com\/en\/wp-json\/wp\/v2\/pwb-brand?post=562"},{"taxonomy":"product_brand","embeddable":true,"href":"https:\/\/latinhg.com\/en\/wp-json\/wp\/v2\/product_brand?post=562"},{"taxonomy":"product_cat","embeddable":true,"href":"https:\/\/latinhg.com\/en\/wp-json\/wp\/v2\/product_cat?post=562"},{"taxonomy":"product_tag","embeddable":true,"href":"https:\/\/latinhg.com\/en\/wp-json\/wp\/v2\/product_tag?post=562"}],"curies":[{"name":"wp","href":"https:\/\/api.w.org\/{rel}","templated":true}]}}