{"id":559,"date":"2025-08-11T16:57:58","date_gmt":"2025-08-11T16:57:58","guid":{"rendered":"https:\/\/latinhg.com\/?post_type=product&#038;p=559"},"modified":"2025-09-26T05:02:50","modified_gmt":"2025-09-26T05:02:50","slug":"paquetes-campos-quirurgicos-ortopedia","status":"publish","type":"product","link":"https:\/\/latinhg.com\/en\/product\/paquetes-campos-quirurgicos-ortopedia\/","title":{"rendered":"Surgical Drape Packs \u2013 Orthopedics"},"content":{"rendered":"<p>Halyard Health orthopedic drapes offer the optimal combination of features to meet the rigorous demands of orthopedic surgery, from hand procedures to hip replacements. Made with durable fabric, these drapes can eliminate the need for costly multiple drape layers.<br \/>\n<strong>Halyard drapes are developed to protect you and your patients.<\/strong><br \/>\nThey include the following features:<\/p>\n<ul class=\"bullets-padding-left\">\n<li>Highest flame resistance rating for use near lasers and other electrical instruments<\/li>\n<li>Fabric that resists tearing, strike-through, and abrasion, while providing secure connection for lines and tubes<\/li>\n<li>Much less lint than other drapes to reduce the risk of airborne bacterial transmission<\/li>\n<li>Fluid collection pouches<\/li>\n<li>Arm covers for additional coverage<\/li>\n<\/ul>\n<p><a href=\"https:\/\/latinhg.com\/wp-content\/uploads\/2025\/08\/pcq_ortopedia.pdf\">PDF \u2013 Surgical Drape Packs \u2013 Orthopedics<\/a><\/p>","protected":false},"excerpt":{"rendered":"<p>Los campos ortop\u00e9dicos Halyard Health ofrecen la combinaci\u00f3n \u00f3ptima de caracter\u00edsticas para satisfacer las rigurosas demandas de la cirug\u00eda ortop\u00e9dica, desde procedimientos de manos hasta reemplazos de cadera.\u00a0Fabricadas con tela resistente, estas cortinas pueden eliminar la necesidad de costosas capas de cortinas. Los campos de Halyard est\u00e1n desarrollados para protegerlo a usted y a sus [&hellip;]<\/p>\n","protected":false},"featured_media":561,"template":"","meta":{"_acf_changed":false,"inline_featured_image":false},"pwb-brand":[],"product_brand":[59],"product_cat":[57,91],"product_tag":[],"class_list":{"0":"post-559","1":"product","2":"type-product","3":"status-publish","4":"has-post-thumbnail","6":"product_brand-halyard","7":"product_cat-cirugia","8":"product_cat-halyard-cirugia","10":"first","11":"instock","12":"shipping-taxable","13":"product-type-simple"},"acf":[],"brands":[],"_links":{"self":[{"href":"https:\/\/latinhg.com\/en\/wp-json\/wp\/v2\/product\/559","targetHints":{"allow":["GET"]}}],"collection":[{"href":"https:\/\/latinhg.com\/en\/wp-json\/wp\/v2\/product"}],"about":[{"href":"https:\/\/latinhg.com\/en\/wp-json\/wp\/v2\/types\/product"}],"wp:featuredmedia":[{"embeddable":true,"href":"https:\/\/latinhg.com\/en\/wp-json\/wp\/v2\/media\/561"}],"wp:attachment":[{"href":"https:\/\/latinhg.com\/en\/wp-json\/wp\/v2\/media?parent=559"}],"wp:term":[{"taxonomy":"pwb-brand","embeddable":true,"href":"https:\/\/latinhg.com\/en\/wp-json\/wp\/v2\/pwb-brand?post=559"},{"taxonomy":"product_brand","embeddable":true,"href":"https:\/\/latinhg.com\/en\/wp-json\/wp\/v2\/product_brand?post=559"},{"taxonomy":"product_cat","embeddable":true,"href":"https:\/\/latinhg.com\/en\/wp-json\/wp\/v2\/product_cat?post=559"},{"taxonomy":"product_tag","embeddable":true,"href":"https:\/\/latinhg.com\/en\/wp-json\/wp\/v2\/product_tag?post=559"}],"curies":[{"name":"wp","href":"https:\/\/api.w.org\/{rel}","templated":true}]}}