{"id":552,"date":"2025-08-11T16:45:47","date_gmt":"2025-08-11T16:45:47","guid":{"rendered":"https:\/\/latinhg.com\/?post_type=product&#038;p=552"},"modified":"2025-09-26T05:02:50","modified_gmt":"2025-09-26T05:02:50","slug":"paquetes-campos-quirurgicos-universales","status":"publish","type":"product","link":"https:\/\/latinhg.com\/en\/product\/paquetes-campos-quirurgicos-universales\/","title":{"rendered":"Surgical Drape Packs \u2013 Universal"},"content":{"rendered":"<p>Available for the widest range of surgical procedures. Whatever the surgery, Halyard Health has the packs and drapes you need.<br \/>\n<strong>They are designed to provide safety and comfort for you and your patients.<br \/>\n<\/strong><\/p>\n<ul class=\"bullets-padding-left\">\n<li>Highest flame resistance rating for use near lasers and other electrical instruments<\/li>\n<li>Fabric resistant to tearing, puncturing, and abrasion, while providing secure hold for lines and instruments<\/li>\n<li>Resistance to penetration by alcohol and other prep substances<\/li>\n<li>Less lint than other sheets to reduce the risk of airborne bacterial transmission<\/li>\n<li>Reinforced fabric to reduce instrument slippage or control fluid runoff<\/li>\n<\/ul>\n<p><a href=\"https:\/\/latinhg.com\/wp-content\/uploads\/2025\/08\/pcq_universales_multiples_procedimientos.pdf\">PDF \u2013 Surgical Drape Packs \u2013 Universal<\/a><\/p>","protected":false},"excerpt":{"rendered":"<p>Disponibles para la gama m\u00e1s amplia de procedimientos quir\u00fargicos.\u00a0Cualquiera que sea la cirug\u00eda, Halyard Health tiene los paquetes y campos que usted necesita. Est\u00e1n dise\u00f1ados para brindarles a usted y a sus pacientes seguridad y comodidad. M\u00e1xima clasificaci\u00f3n de resistencia a las llamas para usar cerca de l\u00e1seres y otros instrumentos el\u00e9ctricos. Tejido resistente al [&hellip;]<\/p>\n","protected":false},"featured_media":554,"template":"","meta":{"_acf_changed":false,"inline_featured_image":false},"pwb-brand":[],"product_brand":[59],"product_cat":[57,91],"product_tag":[],"class_list":{"0":"post-552","1":"product","2":"type-product","3":"status-publish","4":"has-post-thumbnail","6":"product_brand-halyard","7":"product_cat-cirugia","8":"product_cat-halyard-cirugia","10":"first","11":"instock","12":"shipping-taxable","13":"product-type-simple"},"acf":[],"brands":[],"_links":{"self":[{"href":"https:\/\/latinhg.com\/en\/wp-json\/wp\/v2\/product\/552","targetHints":{"allow":["GET"]}}],"collection":[{"href":"https:\/\/latinhg.com\/en\/wp-json\/wp\/v2\/product"}],"about":[{"href":"https:\/\/latinhg.com\/en\/wp-json\/wp\/v2\/types\/product"}],"wp:featuredmedia":[{"embeddable":true,"href":"https:\/\/latinhg.com\/en\/wp-json\/wp\/v2\/media\/554"}],"wp:attachment":[{"href":"https:\/\/latinhg.com\/en\/wp-json\/wp\/v2\/media?parent=552"}],"wp:term":[{"taxonomy":"pwb-brand","embeddable":true,"href":"https:\/\/latinhg.com\/en\/wp-json\/wp\/v2\/pwb-brand?post=552"},{"taxonomy":"product_brand","embeddable":true,"href":"https:\/\/latinhg.com\/en\/wp-json\/wp\/v2\/product_brand?post=552"},{"taxonomy":"product_cat","embeddable":true,"href":"https:\/\/latinhg.com\/en\/wp-json\/wp\/v2\/product_cat?post=552"},{"taxonomy":"product_tag","embeddable":true,"href":"https:\/\/latinhg.com\/en\/wp-json\/wp\/v2\/product_tag?post=552"}],"curies":[{"name":"wp","href":"https:\/\/api.w.org\/{rel}","templated":true}]}}