{"id":545,"date":"2025-08-11T16:35:38","date_gmt":"2025-08-11T16:35:38","guid":{"rendered":"https:\/\/latinhg.com\/?post_type=product&#038;p=545"},"modified":"2025-09-26T04:54:35","modified_gmt":"2025-09-26T04:54:35","slug":"accesolaparoscopico-manual","status":"publish","type":"product","link":"https:\/\/latinhg.com\/en\/product\/accesolaparoscopico-manual\/","title":{"rendered":"Manual Laparoscopic Access"},"content":{"rendered":"<p>The GelPort laparoscopic system allows surgeons to quickly alternate between manual access, direct laparoscopy, and open surgical technique to optimize procedural efficiency and clinical outcomes. The GelSeal cap offers unparalleled access for rapid tissue dissection and mobilization. The Alexis wound protector\/retractor provides atraumatic protection and retraction.<\/p>\n<p><a href=\"https:\/\/latinhg.com\/wp-content\/uploads\/2025\/08\/gelport_applied.pdf\">PDF \u2013 Gelport, Manual Laparoscopic Access<\/a><\/p>","protected":false},"excerpt":{"rendered":"<p>El sistema laparosc\u00f3pico GelPort permite a los cirujanos alternar r\u00e1pidamente entre el acceso manual, la laparoscopia directa y la t\u00e9cnica quir\u00fargica abierta para optimizar la eficiencia del procedimiento y los resultados cl\u00ednicos. La tapa GelSeal ofrece un acceso sin igual para una r\u00e1pida disecci\u00f3n y movilizaci\u00f3n de tejido. El protector\/retractor de heridas Alexis ofrece protecci\u00f3n [&hellip;]<\/p>\n","protected":false},"featured_media":547,"template":"","meta":{"_acf_changed":false,"inline_featured_image":false},"pwb-brand":[],"product_brand":[58],"product_cat":[87,57],"product_tag":[],"class_list":{"0":"post-545","1":"product","2":"type-product","3":"status-publish","4":"has-post-thumbnail","6":"product_brand-applied-medical","7":"product_cat-applied-medical","8":"product_cat-cirugia","10":"first","11":"instock","12":"shipping-taxable","13":"product-type-simple"},"acf":[],"brands":[],"_links":{"self":[{"href":"https:\/\/latinhg.com\/en\/wp-json\/wp\/v2\/product\/545","targetHints":{"allow":["GET"]}}],"collection":[{"href":"https:\/\/latinhg.com\/en\/wp-json\/wp\/v2\/product"}],"about":[{"href":"https:\/\/latinhg.com\/en\/wp-json\/wp\/v2\/types\/product"}],"wp:featuredmedia":[{"embeddable":true,"href":"https:\/\/latinhg.com\/en\/wp-json\/wp\/v2\/media\/547"}],"wp:attachment":[{"href":"https:\/\/latinhg.com\/en\/wp-json\/wp\/v2\/media?parent=545"}],"wp:term":[{"taxonomy":"pwb-brand","embeddable":true,"href":"https:\/\/latinhg.com\/en\/wp-json\/wp\/v2\/pwb-brand?post=545"},{"taxonomy":"product_brand","embeddable":true,"href":"https:\/\/latinhg.com\/en\/wp-json\/wp\/v2\/product_brand?post=545"},{"taxonomy":"product_cat","embeddable":true,"href":"https:\/\/latinhg.com\/en\/wp-json\/wp\/v2\/product_cat?post=545"},{"taxonomy":"product_tag","embeddable":true,"href":"https:\/\/latinhg.com\/en\/wp-json\/wp\/v2\/product_tag?post=545"}],"curies":[{"name":"wp","href":"https:\/\/api.w.org\/{rel}","templated":true}]}}