{"id":539,"date":"2025-08-11T16:28:48","date_gmt":"2025-08-11T16:28:48","guid":{"rendered":"https:\/\/latinhg.com\/?post_type=product&#038;p=539"},"modified":"2025-09-26T04:54:36","modified_gmt":"2025-09-26T04:54:36","slug":"catrter-de-colangiografia","status":"publish","type":"product","link":"https:\/\/latinhg.com\/en\/product\/catrter-de-colangiografia\/","title":{"rendered":"Cholangiography Catheter"},"content":{"rendered":"<p>The AeroStat cholangiography catheter features a rigid shaft with a self-anchoring mechanism and one-handed activation to provide ease of use and time savings when performing cholangiographies.<\/p>\n<p><a href=\"https:\/\/latinhg.com\/wp-content\/uploads\/2025\/08\/aerostat_applied.pdf\">PDF \u2013 Cholangiography Catheter<\/a><\/p>","protected":false},"excerpt":{"rendered":"<p>El cat\u00e9ter de colangiograf\u00eda AeroStat tiene un eje r\u00edgido con un mecanismo de autoanclaje y activaci\u00f3n con una sola mano para proporcionar facilidad de uso y ahorro de tiempo al realizar colangiograf\u00edas. PDF &#8211; Cat\u00e9ter de colangiograf\u00eda<\/p>","protected":false},"featured_media":541,"template":"","meta":{"_acf_changed":false,"inline_featured_image":false},"pwb-brand":[],"product_brand":[58],"product_cat":[87,57],"product_tag":[],"class_list":{"0":"post-539","1":"product","2":"type-product","3":"status-publish","4":"has-post-thumbnail","6":"product_brand-applied-medical","7":"product_cat-applied-medical","8":"product_cat-cirugia","10":"first","11":"instock","12":"shipping-taxable","13":"product-type-simple"},"acf":[],"brands":[],"_links":{"self":[{"href":"https:\/\/latinhg.com\/en\/wp-json\/wp\/v2\/product\/539","targetHints":{"allow":["GET"]}}],"collection":[{"href":"https:\/\/latinhg.com\/en\/wp-json\/wp\/v2\/product"}],"about":[{"href":"https:\/\/latinhg.com\/en\/wp-json\/wp\/v2\/types\/product"}],"wp:featuredmedia":[{"embeddable":true,"href":"https:\/\/latinhg.com\/en\/wp-json\/wp\/v2\/media\/541"}],"wp:attachment":[{"href":"https:\/\/latinhg.com\/en\/wp-json\/wp\/v2\/media?parent=539"}],"wp:term":[{"taxonomy":"pwb-brand","embeddable":true,"href":"https:\/\/latinhg.com\/en\/wp-json\/wp\/v2\/pwb-brand?post=539"},{"taxonomy":"product_brand","embeddable":true,"href":"https:\/\/latinhg.com\/en\/wp-json\/wp\/v2\/product_brand?post=539"},{"taxonomy":"product_cat","embeddable":true,"href":"https:\/\/latinhg.com\/en\/wp-json\/wp\/v2\/product_cat?post=539"},{"taxonomy":"product_tag","embeddable":true,"href":"https:\/\/latinhg.com\/en\/wp-json\/wp\/v2\/product_tag?post=539"}],"curies":[{"name":"wp","href":"https:\/\/api.w.org\/{rel}","templated":true}]}}