{"id":530,"date":"2025-08-11T16:17:41","date_gmt":"2025-08-11T16:17:41","guid":{"rendered":"https:\/\/latinhg.com\/?post_type=product&#038;p=530"},"modified":"2025-09-26T04:54:37","modified_gmt":"2025-09-26T04:54:37","slug":"generador-electro-quirurgico-voyant","status":"publish","type":"product","link":"https:\/\/latinhg.com\/en\/product\/generador-electro-quirurgico-voyant\/","title":{"rendered":"Voyant Electrosurgical Generator"},"content":{"rendered":"<p>Advanced energy: The EA020 Voyant generator is an advanced bipolar electrosurgical generator compatible with second-generation Voyant devices.\nSeamless software updates: The Voyant Intelligent Energy system offers the latest technology integrated into every device button.\nEasy preventive maintenance: Output verification tests can be run with just the touch of a button, and results are displayed on the screen.<\/p>\n<p>Sleek and simple design: The Voyant generator features a small profile and an easy-to-use user interface.\nPlug and Play system: Simply turn on the generator and connect a Voyant device. The system is ready to use!<br \/>\nSistema Plug and Play: simplemente encienda el generador y conecte un dispositivo Voyant. \u00a1El sistema est\u00e1 listo para usar!<\/p>\n<p><a href=\"https:\/\/latinhg.com\/wp-content\/uploads\/2025\/08\/voyant_generador_applied.pdf\">PDF \u2013 Voyant Electrosurgical Generator<\/a><\/p>\n<p>&nbsp;<\/p>","protected":false},"excerpt":{"rendered":"<p>Energ\u00eda avanzada: el generador EA020 Voyant es un generador electroquir\u00fargico bipolar avanzado compatible con dispositivos Voyant de segunda generaci\u00f3n. Actualizaciones de software sin interrupciones: el sistema Voyant Intelligent Energy ofrece la \u00faltima tecnolog\u00eda integrada en cada tecla del dispositivo.\u00a0F\u00e1cil mantenimiento preventivo: las pruebas de verificaci\u00f3n de salida se pueden ejecutar con solo tocar un bot\u00f3n [&hellip;]<\/p>\n","protected":false},"featured_media":531,"template":"","meta":{"_acf_changed":false,"inline_featured_image":false},"pwb-brand":[],"product_brand":[58],"product_cat":[87,57],"product_tag":[],"class_list":{"0":"post-530","1":"product","2":"type-product","3":"status-publish","4":"has-post-thumbnail","6":"product_brand-applied-medical","7":"product_cat-applied-medical","8":"product_cat-cirugia","10":"first","11":"instock","12":"shipping-taxable","13":"product-type-simple"},"acf":[],"brands":[],"_links":{"self":[{"href":"https:\/\/latinhg.com\/en\/wp-json\/wp\/v2\/product\/530","targetHints":{"allow":["GET"]}}],"collection":[{"href":"https:\/\/latinhg.com\/en\/wp-json\/wp\/v2\/product"}],"about":[{"href":"https:\/\/latinhg.com\/en\/wp-json\/wp\/v2\/types\/product"}],"wp:featuredmedia":[{"embeddable":true,"href":"https:\/\/latinhg.com\/en\/wp-json\/wp\/v2\/media\/531"}],"wp:attachment":[{"href":"https:\/\/latinhg.com\/en\/wp-json\/wp\/v2\/media?parent=530"}],"wp:term":[{"taxonomy":"pwb-brand","embeddable":true,"href":"https:\/\/latinhg.com\/en\/wp-json\/wp\/v2\/pwb-brand?post=530"},{"taxonomy":"product_brand","embeddable":true,"href":"https:\/\/latinhg.com\/en\/wp-json\/wp\/v2\/product_brand?post=530"},{"taxonomy":"product_cat","embeddable":true,"href":"https:\/\/latinhg.com\/en\/wp-json\/wp\/v2\/product_cat?post=530"},{"taxonomy":"product_tag","embeddable":true,"href":"https:\/\/latinhg.com\/en\/wp-json\/wp\/v2\/product_tag?post=530"}],"curies":[{"name":"wp","href":"https:\/\/api.w.org\/{rel}","templated":true}]}}