{"id":520,"date":"2025-08-11T15:53:49","date_gmt":"2025-08-11T15:53:49","guid":{"rendered":"https:\/\/latinhg.com\/?post_type=product&#038;p=520"},"modified":"2025-09-26T04:54:38","modified_gmt":"2025-09-26T04:54:38","slug":"voyant-sistema-de-energia-inteligente","status":"publish","type":"product","link":"https:\/\/latinhg.com\/en\/product\/voyant-sistema-de-energia-inteligente\/","title":{"rendered":"Intelligent Energy System"},"content":{"rendered":"<p>This Advanced Voyant bipolar system collects in its jaws information of the tissue, measures it rapidly and at the same time applies the energy to give the optimum quantity during its sealing cycle to create a permanent fused seal. Regarding the live human tissue, the Voyant system has revolutionized vanguard energy through continuous advances offering rapid sealing time, less adherence, less lateral heat dispersion and less smoke curtain.<\/p>","protected":false},"excerpt":{"rendered":"<p>El sistema bipolar avanzado Voyant recopila informaci\u00f3n sobre la naturaleza del tejido dentro de sus mand\u00edbulas, mide el tejido de forma r\u00e1pida y constante a medida que se aplica la energ\u00eda y se ajusta para proporcionar la cantidad \u00f3ptima de energ\u00eda durante todo el ciclo de sellado para crear un sello fusionado permanente. Al aprender [&hellip;]<\/p>\n","protected":false},"featured_media":521,"template":"","meta":{"_acf_changed":false,"inline_featured_image":false},"pwb-brand":[],"product_brand":[58],"product_cat":[87,57],"product_tag":[],"class_list":{"0":"post-520","1":"product","2":"type-product","3":"status-publish","4":"has-post-thumbnail","6":"product_brand-applied-medical","7":"product_cat-applied-medical","8":"product_cat-cirugia","10":"first","11":"instock","12":"shipping-taxable","13":"product-type-simple"},"acf":[],"brands":[],"_links":{"self":[{"href":"https:\/\/latinhg.com\/en\/wp-json\/wp\/v2\/product\/520","targetHints":{"allow":["GET"]}}],"collection":[{"href":"https:\/\/latinhg.com\/en\/wp-json\/wp\/v2\/product"}],"about":[{"href":"https:\/\/latinhg.com\/en\/wp-json\/wp\/v2\/types\/product"}],"wp:featuredmedia":[{"embeddable":true,"href":"https:\/\/latinhg.com\/en\/wp-json\/wp\/v2\/media\/521"}],"wp:attachment":[{"href":"https:\/\/latinhg.com\/en\/wp-json\/wp\/v2\/media?parent=520"}],"wp:term":[{"taxonomy":"pwb-brand","embeddable":true,"href":"https:\/\/latinhg.com\/en\/wp-json\/wp\/v2\/pwb-brand?post=520"},{"taxonomy":"product_brand","embeddable":true,"href":"https:\/\/latinhg.com\/en\/wp-json\/wp\/v2\/product_brand?post=520"},{"taxonomy":"product_cat","embeddable":true,"href":"https:\/\/latinhg.com\/en\/wp-json\/wp\/v2\/product_cat?post=520"},{"taxonomy":"product_tag","embeddable":true,"href":"https:\/\/latinhg.com\/en\/wp-json\/wp\/v2\/product_tag?post=520"}],"curies":[{"name":"wp","href":"https:\/\/api.w.org\/{rel}","templated":true}]}}