{"id":518,"date":"2025-08-11T15:51:06","date_gmt":"2025-08-11T15:51:06","guid":{"rendered":"https:\/\/latinhg.com\/?post_type=product&#038;p=518"},"modified":"2025-09-26T04:54:38","modified_gmt":"2025-09-26T04:54:38","slug":"epix-disectores","status":"publish","type":"product","link":"https:\/\/latinhg.com\/en\/product\/epix-disectores\/","title":{"rendered":"Dissector"},"content":{"rendered":"<p>This curved piece of the dissector improves the grasp, movement and cauterization of the tissue; its conical and dented jaw provide traction to hook to the tissue.<\/p>\n<p><a href=\"https:\/\/latinhg.com\/wp-content\/uploads\/2025\/08\/epix_applied.pdf\">PDF \u2013 Epix Laparoscopic Instruments<\/a><\/p>","protected":false},"excerpt":{"rendered":"<p>Las mand\u00edbulas curvas mejoran el agarre, la movilizaci\u00f3n y la cauterizaci\u00f3n del tejido.\u00a0Las mordazas c\u00f3nicas y dentadas proporcionan tracci\u00f3n para enganchar el tejido. PDF &#8211; Epix Instrumentos Laparosc\u00f3picos<\/p>","protected":false},"featured_media":519,"template":"","meta":{"_acf_changed":false,"inline_featured_image":false},"pwb-brand":[],"product_brand":[58],"product_cat":[87,57],"product_tag":[],"class_list":{"0":"post-518","1":"product","2":"type-product","3":"status-publish","4":"has-post-thumbnail","6":"product_brand-applied-medical","7":"product_cat-applied-medical","8":"product_cat-cirugia","10":"first","11":"instock","12":"shipping-taxable","13":"product-type-simple"},"acf":[],"brands":[],"_links":{"self":[{"href":"https:\/\/latinhg.com\/en\/wp-json\/wp\/v2\/product\/518","targetHints":{"allow":["GET"]}}],"collection":[{"href":"https:\/\/latinhg.com\/en\/wp-json\/wp\/v2\/product"}],"about":[{"href":"https:\/\/latinhg.com\/en\/wp-json\/wp\/v2\/types\/product"}],"wp:featuredmedia":[{"embeddable":true,"href":"https:\/\/latinhg.com\/en\/wp-json\/wp\/v2\/media\/519"}],"wp:attachment":[{"href":"https:\/\/latinhg.com\/en\/wp-json\/wp\/v2\/media?parent=518"}],"wp:term":[{"taxonomy":"pwb-brand","embeddable":true,"href":"https:\/\/latinhg.com\/en\/wp-json\/wp\/v2\/pwb-brand?post=518"},{"taxonomy":"product_brand","embeddable":true,"href":"https:\/\/latinhg.com\/en\/wp-json\/wp\/v2\/product_brand?post=518"},{"taxonomy":"product_cat","embeddable":true,"href":"https:\/\/latinhg.com\/en\/wp-json\/wp\/v2\/product_cat?post=518"},{"taxonomy":"product_tag","embeddable":true,"href":"https:\/\/latinhg.com\/en\/wp-json\/wp\/v2\/product_tag?post=518"}],"curies":[{"name":"wp","href":"https:\/\/api.w.org\/{rel}","templated":true}]}}