{"id":516,"date":"2025-08-11T15:45:09","date_gmt":"2025-08-11T15:45:09","guid":{"rendered":"https:\/\/latinhg.com\/?post_type=product&#038;p=516"},"modified":"2025-09-26T04:54:38","modified_gmt":"2025-09-26T04:54:38","slug":"epix-grasper","status":"publish","type":"product","link":"https:\/\/latinhg.com\/en\/product\/epix-grasper\/","title":{"rendered":"Grasper"},"content":{"rendered":"<p>This clinically proven latis\u00ae pads softly adhere to the tissue reducing the necessary pressure to maintain traction. The design of the handle has the capacity to grasp and block tissue as desired, assuring precise control.<\/p>\n<p><a href=\"https:\/\/latinhg.com\/wp-content\/uploads\/2025\/08\/epix_applied.pdf\">PDF \u2013 Epix Laparoscopic Instruments<\/a><\/p>","protected":false},"excerpt":{"rendered":"<p>Las almohadillas latis\u00ae cl\u00ednicamente probadas se adhieren suavemente al tejido, lo que reduce la presi\u00f3n necesaria para mantener la tracci\u00f3n. El dise\u00f1o del mango incorpora la capacidad de agarrar y bloquear el tejido como se desee, asegurando el control preciso. PDF &#8211; Epix Instrumentos Laparosc\u00f3picos<\/p>","protected":false},"featured_media":517,"template":"","meta":{"_acf_changed":false,"inline_featured_image":false},"pwb-brand":[],"product_brand":[58],"product_cat":[87,57],"product_tag":[],"class_list":{"0":"post-516","1":"product","2":"type-product","3":"status-publish","4":"has-post-thumbnail","6":"product_brand-applied-medical","7":"product_cat-applied-medical","8":"product_cat-cirugia","10":"first","11":"instock","12":"shipping-taxable","13":"product-type-simple"},"acf":[],"brands":[],"_links":{"self":[{"href":"https:\/\/latinhg.com\/en\/wp-json\/wp\/v2\/product\/516","targetHints":{"allow":["GET"]}}],"collection":[{"href":"https:\/\/latinhg.com\/en\/wp-json\/wp\/v2\/product"}],"about":[{"href":"https:\/\/latinhg.com\/en\/wp-json\/wp\/v2\/types\/product"}],"wp:featuredmedia":[{"embeddable":true,"href":"https:\/\/latinhg.com\/en\/wp-json\/wp\/v2\/media\/517"}],"wp:attachment":[{"href":"https:\/\/latinhg.com\/en\/wp-json\/wp\/v2\/media?parent=516"}],"wp:term":[{"taxonomy":"pwb-brand","embeddable":true,"href":"https:\/\/latinhg.com\/en\/wp-json\/wp\/v2\/pwb-brand?post=516"},{"taxonomy":"product_brand","embeddable":true,"href":"https:\/\/latinhg.com\/en\/wp-json\/wp\/v2\/product_brand?post=516"},{"taxonomy":"product_cat","embeddable":true,"href":"https:\/\/latinhg.com\/en\/wp-json\/wp\/v2\/product_cat?post=516"},{"taxonomy":"product_tag","embeddable":true,"href":"https:\/\/latinhg.com\/en\/wp-json\/wp\/v2\/product_tag?post=516"}],"curies":[{"name":"wp","href":"https:\/\/api.w.org\/{rel}","templated":true}]}}