{"id":515,"date":"2025-08-11T15:37:11","date_gmt":"2025-08-11T15:37:11","guid":{"rendered":"https:\/\/latinhg.com\/?post_type=product&#038;p=515"},"modified":"2025-09-26T04:54:39","modified_gmt":"2025-09-26T04:54:39","slug":"tijeras-laparoscopicas-desechables","status":"publish","type":"product","link":"https:\/\/latinhg.com\/en\/product\/tijeras-laparoscopicas-desechables\/","title":{"rendered":"Laparoscopic Disposable Scissors"},"content":{"rendered":"<div class=\"card-container\">\n<div class=\"card cirugia-card animated\" data-appear-anim-style=\"fadeIn\">\n<div class=\"card-body producto-card-body-style\">\n<div id=\"accordion-1423\">\n<div class=\"card card-mas-info\">\n<div id=\"accordion-1423-item-1\" class=\"collapse show\" aria-labelledby=\"heading1\" data-parent=\"#accordion-1423\">\n<div class=\"card-body card-body-bloc-9-style\">\n<p>These laparoscopic scissors have a high functioning blade that keep their standard during the procedure. The low-profile design eliminates bulges for complete isolation up to the blades. The curved jaws improve the grip, mobilization and cauterization of the tissue.<\/p>\n<\/div>\n<\/div>\n<\/div>\n<\/div>\n<\/div>\n<\/div>\n<\/div>\n<div class=\"card-container\">\n<div class=\"card cirugia-card animated\" data-appear-anim-style=\"fadeIn\"><a href=\"https:\/\/latinhg.com\/wp-content\/uploads\/2025\/08\/epix_applied.pdf\">PDF \u2013 Epix Laparoscopic Instruments<\/a><\/div>\n<\/div>","protected":false},"excerpt":{"rendered":"<p>Las cuchillas de alto rendimiento mantienen la nitidez durante todo el procedimiento. El dise\u00f1o de bajo perfil elimina las protuberancias, lo que permite un aislamiento completo hasta las aspas.\u00a0Las mand\u00edbulas curvas mejoran el agarre, la movilizaci\u00f3n y la cauterizaci\u00f3n del tejido. PDF &#8211; Epix Instrumentos Laparosc\u00f3picos<\/p>","protected":false},"featured_media":551,"template":"","meta":{"_acf_changed":false,"inline_featured_image":false},"pwb-brand":[],"product_brand":[58],"product_cat":[87,57],"product_tag":[],"class_list":{"0":"post-515","1":"product","2":"type-product","3":"status-publish","4":"has-post-thumbnail","6":"product_brand-applied-medical","7":"product_cat-applied-medical","8":"product_cat-cirugia","10":"first","11":"instock","12":"shipping-taxable","13":"product-type-simple"},"acf":[],"brands":[],"_links":{"self":[{"href":"https:\/\/latinhg.com\/en\/wp-json\/wp\/v2\/product\/515","targetHints":{"allow":["GET"]}}],"collection":[{"href":"https:\/\/latinhg.com\/en\/wp-json\/wp\/v2\/product"}],"about":[{"href":"https:\/\/latinhg.com\/en\/wp-json\/wp\/v2\/types\/product"}],"wp:featuredmedia":[{"embeddable":true,"href":"https:\/\/latinhg.com\/en\/wp-json\/wp\/v2\/media\/551"}],"wp:attachment":[{"href":"https:\/\/latinhg.com\/en\/wp-json\/wp\/v2\/media?parent=515"}],"wp:term":[{"taxonomy":"pwb-brand","embeddable":true,"href":"https:\/\/latinhg.com\/en\/wp-json\/wp\/v2\/pwb-brand?post=515"},{"taxonomy":"product_brand","embeddable":true,"href":"https:\/\/latinhg.com\/en\/wp-json\/wp\/v2\/product_brand?post=515"},{"taxonomy":"product_cat","embeddable":true,"href":"https:\/\/latinhg.com\/en\/wp-json\/wp\/v2\/product_cat?post=515"},{"taxonomy":"product_tag","embeddable":true,"href":"https:\/\/latinhg.com\/en\/wp-json\/wp\/v2\/product_tag?post=515"}],"curies":[{"name":"wp","href":"https:\/\/api.w.org\/{rel}","templated":true}]}}