{"id":501,"date":"2025-08-11T15:17:39","date_gmt":"2025-08-11T15:17:39","guid":{"rendered":"https:\/\/latinhg.com\/?post_type=product&#038;p=501"},"modified":"2025-09-26T04:54:40","modified_gmt":"2025-09-26T04:54:40","slug":"gelpoint-path-plataforma-de-acceso-transanal","status":"publish","type":"product","link":"https:\/\/latinhg.com\/en\/product\/gelpoint-path-plataforma-de-acceso-transanal\/","title":{"rendered":"GelPOINT Path Platform for Trans-anal Access"},"content":{"rendered":"<p>This GelPOINT Path Platform for Trans-anal Access allows an insufflated access to the rectum and inferior sigmoid colon for surgical procedures including the minimal invasive trans-anal (TAMIS), offering an excellent instrument (5mm and 10mm) triangulation and maintenance of the pneumorectum during the procedure. The GelPOINT Path allows maximum versatility and access.<\/p>\n<p><a href=\"https:\/\/latinhg.com\/wp-content\/uploads\/2025\/08\/gelpoint_path_plataforma_de_acceso_transanal_applied.pdf\">PDF &#8211; GelPoint Path Plataforma de acceso transanal<\/a><\/p>","protected":false},"excerpt":{"rendered":"<p>La plataforma de acceso transanal GelPOINT Path permite el acceso insuflado al recto y al colon sigmoide inferior para procedimientos quir\u00fargicos, incluida la cirug\u00eda m\u00ednimamente invasiva transanal (TAMIS). Al ofrecer una configuraci\u00f3n sin esfuerzo, una facilitaci\u00f3n excepcional de la triangulaci\u00f3n de instrumentos de 5mm y 10mm y el mantenimiento del neumorrecto durante todo el procedimiento, [&hellip;]<\/p>\n","protected":false},"featured_media":502,"template":"","meta":{"_acf_changed":false,"inline_featured_image":false},"pwb-brand":[],"product_brand":[58],"product_cat":[87,57],"product_tag":[],"class_list":{"0":"post-501","1":"product","2":"type-product","3":"status-publish","4":"has-post-thumbnail","6":"product_brand-applied-medical","7":"product_cat-applied-medical","8":"product_cat-cirugia","10":"first","11":"instock","12":"shipping-taxable","13":"product-type-simple"},"acf":[],"brands":[],"_links":{"self":[{"href":"https:\/\/latinhg.com\/en\/wp-json\/wp\/v2\/product\/501","targetHints":{"allow":["GET"]}}],"collection":[{"href":"https:\/\/latinhg.com\/en\/wp-json\/wp\/v2\/product"}],"about":[{"href":"https:\/\/latinhg.com\/en\/wp-json\/wp\/v2\/types\/product"}],"wp:featuredmedia":[{"embeddable":true,"href":"https:\/\/latinhg.com\/en\/wp-json\/wp\/v2\/media\/502"}],"wp:attachment":[{"href":"https:\/\/latinhg.com\/en\/wp-json\/wp\/v2\/media?parent=501"}],"wp:term":[{"taxonomy":"pwb-brand","embeddable":true,"href":"https:\/\/latinhg.com\/en\/wp-json\/wp\/v2\/pwb-brand?post=501"},{"taxonomy":"product_brand","embeddable":true,"href":"https:\/\/latinhg.com\/en\/wp-json\/wp\/v2\/product_brand?post=501"},{"taxonomy":"product_cat","embeddable":true,"href":"https:\/\/latinhg.com\/en\/wp-json\/wp\/v2\/product_cat?post=501"},{"taxonomy":"product_tag","embeddable":true,"href":"https:\/\/latinhg.com\/en\/wp-json\/wp\/v2\/product_tag?post=501"}],"curies":[{"name":"wp","href":"https:\/\/api.w.org\/{rel}","templated":true}]}}