{"id":494,"date":"2025-08-11T15:11:24","date_gmt":"2025-08-11T15:11:24","guid":{"rendered":"https:\/\/latinhg.com\/?post_type=product&#038;p=494"},"modified":"2025-09-26T04:55:49","modified_gmt":"2025-09-26T04:55:49","slug":"plataformas-de-acceso-de-gel","status":"publish","type":"product","link":"https:\/\/latinhg.com\/en\/product\/plataformas-de-acceso-de-gel\/","title":{"rendered":"Access Gel Platforms"},"content":{"rendered":"<p>The GelPOINT access platforms are a unique access to the surgical site allowing minimal invasive surgery, facilitating the triangulation of standard instrumentation. By enlarging the instrument\u00b4s movement range and maximizing the retraction, and exposition the GelPOINT platforms give more versatility and access to a wide variety of abdominal, trans anal and transvaginal procedures.<\/p>","protected":false},"excerpt":{"rendered":"<p>Las plataformas de acceso GelPOINT para acceso \u00fanico a el sitio quir\u00fargico permiten la cirug\u00eda m\u00ednimamente invasiva, facilitando la triangulaci\u00f3n de la instrumentaci\u00f3n est\u00e1ndar. Al aumentar el rango de movimiento de los instrumentos y maximizar la retracci\u00f3n y la exposici\u00f3n, las plataformas GelPOINT brindan la m\u00e1xima versatilidad y acceso para una amplia gama de procedimientos [&hellip;]<\/p>\n","protected":false},"featured_media":495,"template":"","meta":{"_acf_changed":false,"inline_featured_image":false},"pwb-brand":[],"product_brand":[58],"product_cat":[87,57],"product_tag":[],"class_list":{"0":"post-494","1":"product","2":"type-product","3":"status-publish","4":"has-post-thumbnail","6":"product_brand-applied-medical","7":"product_cat-applied-medical","8":"product_cat-cirugia","10":"first","11":"instock","12":"shipping-taxable","13":"product-type-simple"},"acf":[],"brands":[],"_links":{"self":[{"href":"https:\/\/latinhg.com\/en\/wp-json\/wp\/v2\/product\/494","targetHints":{"allow":["GET"]}}],"collection":[{"href":"https:\/\/latinhg.com\/en\/wp-json\/wp\/v2\/product"}],"about":[{"href":"https:\/\/latinhg.com\/en\/wp-json\/wp\/v2\/types\/product"}],"wp:featuredmedia":[{"embeddable":true,"href":"https:\/\/latinhg.com\/en\/wp-json\/wp\/v2\/media\/495"}],"wp:attachment":[{"href":"https:\/\/latinhg.com\/en\/wp-json\/wp\/v2\/media?parent=494"}],"wp:term":[{"taxonomy":"pwb-brand","embeddable":true,"href":"https:\/\/latinhg.com\/en\/wp-json\/wp\/v2\/pwb-brand?post=494"},{"taxonomy":"product_brand","embeddable":true,"href":"https:\/\/latinhg.com\/en\/wp-json\/wp\/v2\/product_brand?post=494"},{"taxonomy":"product_cat","embeddable":true,"href":"https:\/\/latinhg.com\/en\/wp-json\/wp\/v2\/product_cat?post=494"},{"taxonomy":"product_tag","embeddable":true,"href":"https:\/\/latinhg.com\/en\/wp-json\/wp\/v2\/product_tag?post=494"}],"curies":[{"name":"wp","href":"https:\/\/api.w.org\/{rel}","templated":true}]}}