{"id":480,"date":"2025-08-11T14:55:50","date_gmt":"2025-08-11T14:55:50","guid":{"rendered":"https:\/\/latinhg.com\/?post_type=product&#038;p=480"},"modified":"2025-09-26T04:55:51","modified_gmt":"2025-09-26T04:55:51","slug":"sistema-de-acceso-de-primera-entrada-kii-fios","status":"publish","type":"product","link":"https:\/\/latinhg.com\/en\/product\/sistema-de-acceso-de-primera-entrada-kii-fios\/","title":{"rendered":"Kii Fios First Entry Access System"},"content":{"rendered":"<p>This first entry access system establishes a secure pneumoperitoneum. After a direct visualization of the immediate penetration of the peritoneum, the Kii Fios first entry access system can establish a pneumoperitoneum with only 3mm of penetration.<\/p>\n<p><a href=\"https:\/\/latinhg.com\/wp-content\/uploads\/2025\/08\/kii_trocares_applied.pdf\">PDF &#8211; Kii Trocares Applied<\/a><\/p>","protected":false},"excerpt":{"rendered":"<p>Establecer un neumoperitoneo seguro. Tras la penetraci\u00f3n inmediata del peritoneo bajo visualizaci\u00f3n directa, el sistema de acceso de primera entrada Kii Fios puede establecer un neumoperitoneo con solo 3mm de penetraci\u00f3n. PDF &#8211; Kii Trocares Applied<\/p>","protected":false},"featured_media":481,"template":"","meta":{"_acf_changed":false,"inline_featured_image":false},"pwb-brand":[],"product_brand":[58],"product_cat":[87,57],"product_tag":[],"class_list":{"0":"post-480","1":"product","2":"type-product","3":"status-publish","4":"has-post-thumbnail","6":"product_brand-applied-medical","7":"product_cat-applied-medical","8":"product_cat-cirugia","10":"first","11":"instock","12":"shipping-taxable","13":"product-type-simple"},"acf":[],"brands":[],"_links":{"self":[{"href":"https:\/\/latinhg.com\/en\/wp-json\/wp\/v2\/product\/480","targetHints":{"allow":["GET"]}}],"collection":[{"href":"https:\/\/latinhg.com\/en\/wp-json\/wp\/v2\/product"}],"about":[{"href":"https:\/\/latinhg.com\/en\/wp-json\/wp\/v2\/types\/product"}],"wp:featuredmedia":[{"embeddable":true,"href":"https:\/\/latinhg.com\/en\/wp-json\/wp\/v2\/media\/481"}],"wp:attachment":[{"href":"https:\/\/latinhg.com\/en\/wp-json\/wp\/v2\/media?parent=480"}],"wp:term":[{"taxonomy":"pwb-brand","embeddable":true,"href":"https:\/\/latinhg.com\/en\/wp-json\/wp\/v2\/pwb-brand?post=480"},{"taxonomy":"product_brand","embeddable":true,"href":"https:\/\/latinhg.com\/en\/wp-json\/wp\/v2\/product_brand?post=480"},{"taxonomy":"product_cat","embeddable":true,"href":"https:\/\/latinhg.com\/en\/wp-json\/wp\/v2\/product_cat?post=480"},{"taxonomy":"product_tag","embeddable":true,"href":"https:\/\/latinhg.com\/en\/wp-json\/wp\/v2\/product_tag?post=480"}],"curies":[{"name":"wp","href":"https:\/\/api.w.org\/{rel}","templated":true}]}}